{"id":38669,"date":"2024-04-11T16:46:45","date_gmt":"2024-04-11T09:46:45","guid":{"rendered":"https:\/\/demo3.thuythu.vn\/vnfranchise\/?page_id=38669"},"modified":"2024-04-19T14:47:34","modified_gmt":"2024-04-19T07:47:34","slug":"ban-muon-tim-kiem-doi-tac-phat-trien-kinh-doanh","status":"publish","type":"page","link":"https:\/\/demo3.thuythu.vn\/vnfranchise\/ban-muon-tim-kiem-doi-tac-phat-trien-kinh-doanh\/","title":{"rendered":"B\u1ea1n Mu\u1ed1n T\u00ecm Ki\u1ebfm \u0110\u1ed1i T\u00e1c Ph\u00e1t Tri\u1ec3n Kinh Doanh"},"content":{"rendered":"<p style=\"text-align: center;\"><b><img fetchpriority=\"high\" decoding=\"async\" class=\"alignnone wp-image-38676\" src=\"https:\/\/demo3.thuythu.vn\/vnfranchise\/wp-content\/uploads\/2024\/04\/2vnf-franchisor-ads.png\" alt=\"\" width=\"777\" height=\"651\" srcset=\"https:\/\/demo3.thuythu.vn\/vnfranchise\/wp-content\/uploads\/2024\/04\/2vnf-franchisor-ads.png 940w, https:\/\/demo3.thuythu.vn\/vnfranchise\/wp-content\/uploads\/2024\/04\/2vnf-franchisor-ads-300x251.png 300w, https:\/\/demo3.thuythu.vn\/vnfranchise\/wp-content\/uploads\/2024\/04\/2vnf-franchisor-ads-768x644.png 768w\" sizes=\"(max-width: 777px) 100vw, 777px\" \/><\/b><\/p>\n<p style=\"text-align: left;\"><span style=\"font-size: 20px;\"><b><\/b><span style=\"color: #0000ff;\"><b>VN Franchise gi\u00fap b\u1ea1n:<\/b><\/span><b><br \/>\n<\/b><\/span><\/p>\n<p><span style=\"font-weight: 400; font-size: 20px;\">&#8211; Qu\u1ea3ng c\u00e1o th\u01b0\u01a1ng hi\u1ec7u\u00a0<\/span><\/p>\n<p><span style=\"font-weight: 400; font-size: 20px;\">&#8211; Ti\u1ebfp c\u1eadn h\u00e0ng ng\u00e0n c\u00e1c doanh nghi\u1ec7p v\u00e0 nh\u00e0 \u0111\u1ea7u t\u01b0 m\u1ed9t c\u00e1ch hi\u1ec7u qu\u1ea3 h\u01a1n v\u00e0 t\u1eadp trung \u0111\u00fang \u0111\u1ed1i t\u01b0\u1ee3ng h\u01a1n<\/span><\/p>\n<p><span style=\"font-weight: 400; font-size: 20px;\">B\u1edfi:<\/span><\/p>\n<p><span style=\"font-size: 20px;\"><span style=\"color: #0000ff;\"><b>1. N\u1ec0N T\u1ea2NG CH\u00daNG T\u00d4I CHUY\u00caN NGHI\u1ec6P H\u01a0N<\/b><\/span><b><br \/>\n<\/b><\/span><\/p>\n<p><span style=\"font-weight: 400; font-size: 20px;\"><span style=\"font-weight: 400;\">&#8211; <\/span>T\u1ea1o d\u1ef1ng n\u1ed9i dung, video hay banner chuy\u00ean nghi\u1ec7p h\u01a1n<\/span><\/p>\n<p><span style=\"font-weight: 400; font-size: 20px;\"><span style=\"font-weight: 400;\">&#8211; <\/span>Website v\u00e0 fanpage \u0111\u00e3 x\u00e2y d\u1ef1ng chuy\u00ean s\u00e2u nhi\u1ec1u n\u0103m nay, lu\u00f4n \u0111\u1ee9ng v\u1ecb tr\u00ed top #1 v\u1ec1 t\u00ecm ki\u1ebfm \u0111\u1ed1i t\u00e1c kinh doanh\u2026<\/span><\/p>\n<p><span style=\"font-weight: 400; font-size: 20px;\"><span style=\"font-weight: 400;\">&#8211; <\/span>Lu\u00f4n t\u1ed5 ch\u1ee9c c\u00e1c h\u1ed9i th\u1ea3o, s\u1ef1 ki\u1ec7n k\u1ebft n\u1ed1i gi\u1eefa b\u00ean nh\u01b0\u1ee3ng quy\u1ec1n v\u00e0 nh\u1eadn quy\u1ec1n<\/span><\/p>\n<p><span style=\"color: #0000ff; font-size: 20px;\"><b>2. M\u1ea0NG L\u01af\u1edaI TH\u1eca TR\u01af\u1edcNG L\u1edaN\u00a0<\/b><\/span><\/p>\n<p><span style=\"font-weight: 400; font-size: 20px;\"><span style=\"font-weight: 400;\">&#8211; <\/span>V\u1edbi h\u01a1n 30.000 nh\u00e0 \u0111\u1ea7u t\u01b0 \u0111ang s\u0103n l\u00f9ng c\u00e1c th\u01b0\u01a1ng hi\u1ec7u nh\u01b0\u1ee3ng quy\u1ec1n ph\u00f9 h\u1ee3p\u00a0 \u0111\u1ec3 k\u1ebft n\u1ed1i kinh doanh<\/span><\/p>\n<p><span style=\"font-weight: 400; font-size: 20px;\"><span style=\"font-weight: 400;\">&#8211; <\/span>Website v\u00e0 fanpage nh\u01b0\u1ee3ng quy\u1ec1n uy t\u00edn, thu h\u00fat h\u00e0ng ng\u00e0n l\u01b0\u1ee3t truy c\u1eadp m\u1ed7i ng\u00e0y, gi\u00fap doanh nghi\u1ec7p b\u1ea1n ti\u1ebfp c\u1eadn kh\u00e1ch h\u00e0ng m\u1edbi ti\u1ec1m n\u0103ng, m\u1edf r\u1ed9ng th\u1ecb tr\u01b0\u1eddng m\u1ed9t c\u00e1ch hi\u1ec7u qu\u1ea3.<\/span><\/p>\n<p><span style=\"color: #0000ff; font-size: 20px;\"><b>3. \u0110\u1ed8I NG\u0168 CHUY\u00caN GIA QU\u1ed0C T\u1ebe \u0110\u00c3 C\u00d3 UY T\u00cdN TR\u00caN TH\u1eca TR\u01af\u1edcNG TRONG N\u01af\u1edaC V\u00c0 QU\u1ed0C T\u1ebe<\/b><\/span><\/p>\n<p><span style=\"font-weight: 400; font-size: 20px;\"><span style=\"font-weight: 400;\">&#8211; <\/span>Tham gia qu\u1ea3ng b\u00e1 VN Franchise gi\u00fap t\u0103ng c\u01b0\u1eddng uy t\u00edn v\u00e0 danh ti\u1ebfng doanh nghi\u1ec7p b\u1ea1n trong c\u1ed9ng \u0111\u1ed3ng kinh doanh, \u0111\u0103c bi\u1ec7t l\u00e0 trong l\u0129nh v\u1ef1c franchise<\/span><\/p>\n<p><span style=\"font-weight: 400; font-size: 20px;\"><span style=\"font-weight: 400;\">&#8211; <\/span>Ch\u00fang t\u00f4i s\u1ebd t\u01b0 v\u1ea5n cho doanh nghi\u1ec7p chi\u1ebfn l\u01b0\u1ee3c qu\u1ea3ng c\u00e1o hi\u1ec7u qu\u1ea3 nh\u1ea5t, gi\u00fap b\u1ea1n ti\u1ebfp c\u1eadn \u0111\u00fang \u0111\u1ed1i t\u01b0\u1ee3ng kh\u00e1ch h\u00e0ng m\u1ee5c ti\u00eau v\u00e0 t\u1ed1i \u01b0u h\u00f3a hi\u1ec7u qu\u1ea3 qu\u1ea3ng c\u00e1o.<\/span><\/p>\n<p><span style=\"color: #0000ff; font-size: 20px;\"><b>4. D\u1ecaCH V\u1ee4 CHUY\u00caN NGHI\u1ec6P V\u00c0 UY T\u00cdN:<\/b><\/span><\/p>\n<p><span style=\"font-weight: 400; font-size: 20px;\"><span style=\"font-weight: 400;\">&#8211; <\/span>VN Franchise cam k\u1ebft cung c\u1ea5p d\u1ecbch v\u1ee5 qu\u1ea3ng c\u00e1o chuy\u00ean nghi\u1ec7p, uy t\u00edn v\u00e0 hi\u1ec7u qu\u1ea3.<\/span><\/p>\n<p><span style=\"font-weight: 400; font-size: 20px;\"><span style=\"font-weight: 400;\">&#8211; <\/span>Ch\u00fang t\u00f4i lu\u00f4n l\u1eafng nghe nhu c\u1ea7u c\u1ee7a nh\u00e0 nh\u01b0\u1ee3ng quy\u1ec1n v\u00e0 n\u1ed7 l\u1ef1c mang \u0111\u1ebfn d\u1ecbch v\u1ee5 t\u1ed1t nh\u1ea5t, gi\u00fap b\u1ea1n \u0111\u1ea1t \u0111\u01b0\u1ee3c m\u1ee5c ti\u00eau ph\u00e1t tri\u1ec3n h\u1ec7 th\u1ed1ng nh\u01b0\u1ee3ng quy\u1ec1n.<\/span><\/p>\n<p><span style=\"color: #0000ff; font-size: 20px;\"><b>5. HI\u1ec6U QU\u1ea2 CHI PH\u00cd:<\/b><\/span><\/p>\n<p><span style=\"font-weight: 400; font-size: 20px;\"><span style=\"font-weight: 400;\">&#8211; <\/span>Qu\u1ea3ng c\u00e1o tr\u00ean VN Franchise mang l\u1ea1i hi\u1ec7u qu\u1ea3 cao h\u01a1n v\u1edbi chi ph\u00ed h\u1ee3p l\u00fd h\u01a1n, \u0111\u1eb7c bi\u1ec7t l\u00e0 so v\u1edbi c\u00e1c ph\u01b0\u01a1ng ti\u1ec7n qu\u1ea3ng c\u00e1o truy\u1ec1n th\u1ed1ng\u00a0<\/span><\/p>\n<p><span style=\"font-weight: 400; font-size: 20px;\"><span style=\"font-weight: 400;\">&#8211; <\/span>Ch\u1eafc ch\u1eafn qu\u1ea3ng c\u00e1o tr\u00ean <a href=\"https:\/\/demo3.thuythu.vn\/vnfranchise\/\">vnfranchise.vn<\/a>\u00a0 v\u00e0 <a href=\"https:\/\/vffranchiseconsulting.com\/\">vffranchiseconsulting.com<\/a> l\u00e0 m\u1ed9t\u00a0c\u00e1ch hi\u1ec7u qu\u1ea3 \u0111\u1ec3 ti\u1ebfp c\u1eadn \u0111\u00fang \u0111\u1ed1i t\u01b0\u1ee3ng m\u1ee5c ti\u00eau, t\u0103ng c\u01b0\u1eddng uy t\u00edn v\u00e0 m\u1edf r\u1ed9ng th\u1ecb tr\u01b0\u1eddng cho doanh nghi\u1ec7p c\u1ee7a b\u1ea1n trong l\u0129nh t\u00ecm ki\u1ebfm \u0111\u1ed1i t\u00e1c ph\u00e1t tri\u1ec3n kinh doanh.<\/span><\/p>\n<p><span style=\"color: #0000ff; font-size: 20px;\"><b>H\u00c3Y \u0110\u0102NG K\u00dd QU\u1ea2NG C\u00c1O T\u00ccM KI\u1ebeM V\u00c0 PH\u00c1T TRI\u1ec2N KINH DOANH T\u1ea0I\u00a0<\/b><\/span><\/p>\n<p><span style=\"font-size: 20px;\"><span style=\"font-weight: 400;\">&#8211; Website: <\/span><a href=\"https:\/\/demo3.thuythu.vn\/vnfranchise\/\" target=\"_blank\" rel=\"noopener\"><b>https:\/\/demo3.thuythu.vn\/vnfranchise\/<\/b><\/a><\/span><\/p>\n<p><span style=\"font-size: 20px;\"><span style=\"font-weight: 400;\">&#8211; Website:<\/span><a href=\"https:\/\/vffranchiseconsulting.com\/\" target=\"_blank\" rel=\"noopener\"><b> https:\/\/vffranchiseconsulting.com\/<\/b><\/a><\/span><\/p>\n<p><span style=\"font-size: 20px;\"><span style=\"font-weight: 400;\">&#8211; Hotline:<\/span><b> 028 6676 6066<\/b><\/span><\/p>\n<p><span style=\"font-size: 20px;\"><span style=\"font-weight: 400;\">&#8211; <\/span>Email: <a href=\"mailto:info@demo3.thuythu.vn\" target=\"_blank\" rel=\"noopener\"><b>info@demo3.thuythu.vn<\/b><\/a><\/span><\/p>\n<p style=\"text-align: center;\"><div class=\"su-button-center\"><a href=\"https:\/\/forms.gle\/b6DSAjevummuzZqq7\" class=\"su-button su-button-style-default\" style=\"color:#FFFFFF;background-color:#18c830;border-color:#14a027;border-radius:22px;-moz-border-radius:22px;-webkit-border-radius:22px\" target=\"_blank\" rel=\"noopener noreferrer\"><span style=\"color:#FFFFFF;padding:0px 50px;font-size:35px;line-height:70px;border-color:#5ed96f;border-radius:22px;-moz-border-radius:22px;-webkit-border-radius:22px;text-shadow:0px 0px 0px #000000;-moz-text-shadow:0px 0px 0px #000000;-webkit-text-shadow:0px 0px 0px #000000\"> \u0110\u0102NG K\u00dd<\/span><\/a><\/div>\n","protected":false},"excerpt":{"rendered":"<p>&#8230;<\/p>\n","protected":false},"author":12,"featured_media":38676,"parent":0,"menu_order":0,"comment_status":"closed","ping_status":"closed","template":"","meta":{"_acf_changed":false,"footnotes":""},"acf":[],"yoast_head":"<!-- This site is optimized with the Yoast SEO plugin v22.8 - https:\/\/yoast.com\/wordpress\/plugins\/seo\/ -->\n<title>B\u1ea1n Mu\u1ed1n T\u00ecm Ki\u1ebfm \u0110\u1ed1i T\u00e1c Ph\u00e1t Tri\u1ec3n Kinh Doanh &#8211; VNFranchise - Trang Nh\u01b0\u1ee3ng Quy\u1ec1n Th\u01b0\u01a1ng Hi\u1ec7u H\u00e0ng \u0110\u1ea7u Vi\u1ec7t Nam<\/title>\n<meta name=\"description\" content=\"VN Franchise gi\u00fap b\u1ea1n: - Qu\u1ea3ng c\u00e1o th\u01b0\u01a1ng hi\u1ec7u\u00a0 - Ti\u1ebfp c\u1eadn h\u00e0ng ng\u00e0n c\u00e1c doanh nghi\u1ec7p v\u00e0 nh\u00e0 \u0111\u1ea7u t\u01b0 m\u1ed9t c\u00e1ch hi\u1ec7u qu\u1ea3 h\u01a1n v\u00e0 t\u1eadp trung \u0111\u00fang \u0111\u1ed1i t\u01b0\u1ee3ng h\u01a1n\" \/>\n<meta name=\"robots\" content=\"noindex, follow, max-snippet:-1, max-image-preview:large, max-video-preview:-1\" \/>\n<meta property=\"og:locale\" content=\"en_US\" \/>\n<meta property=\"og:type\" content=\"article\" \/>\n<meta property=\"og:title\" content=\"B\u1ea1n Mu\u1ed1n T\u00ecm Ki\u1ebfm \u0110\u1ed1i T\u00e1c Ph\u00e1t Tri\u1ec3n Kinh Doanh &#8211; VNFranchise - Trang Nh\u01b0\u1ee3ng Quy\u1ec1n Th\u01b0\u01a1ng Hi\u1ec7u H\u00e0ng \u0110\u1ea7u Vi\u1ec7t Nam\" \/>\n<meta property=\"og:description\" content=\"VN Franchise gi\u00fap b\u1ea1n: - Qu\u1ea3ng c\u00e1o th\u01b0\u01a1ng hi\u1ec7u\u00a0 - Ti\u1ebfp c\u1eadn h\u00e0ng ng\u00e0n c\u00e1c doanh nghi\u1ec7p v\u00e0 nh\u00e0 \u0111\u1ea7u t\u01b0 m\u1ed9t c\u00e1ch hi\u1ec7u qu\u1ea3 h\u01a1n v\u00e0 t\u1eadp trung \u0111\u00fang \u0111\u1ed1i t\u01b0\u1ee3ng h\u01a1n\" \/>\n<meta property=\"og:url\" content=\"https:\/\/demo3.thuythu.vn\/vnfranchise\/ban-muon-tim-kiem-doi-tac-phat-trien-kinh-doanh\/\" \/>\n<meta property=\"og:site_name\" content=\"VNFranchise - Trang Nh\u01b0\u1ee3ng Quy\u1ec1n Th\u01b0\u01a1ng Hi\u1ec7u H\u00e0ng \u0110\u1ea7u Vi\u1ec7t Nam\" \/>\n<meta property=\"article:publisher\" content=\"https:\/\/www.facebook.com\/VNFranchise.vn\" \/>\n<meta property=\"article:modified_time\" content=\"2024-04-19T07:47:34+00:00\" \/>\n<meta property=\"og:image\" content=\"https:\/\/demo3.thuythu.vn\/vnfranchise\/wp-content\/uploads\/2024\/04\/2vnf-franchisor-ads.png\" \/>\n\t<meta property=\"og:image:width\" content=\"940\" \/>\n\t<meta property=\"og:image:height\" content=\"788\" \/>\n\t<meta property=\"og:image:type\" content=\"image\/png\" \/>\n<meta name=\"twitter:card\" content=\"summary_large_image\" \/>\n<meta name=\"twitter:site\" content=\"@ConsultVf\" \/>\n<meta name=\"twitter:label1\" content=\"Est. reading time\" \/>\n\t<meta name=\"twitter:data1\" content=\"3 minutes\" \/>\n<script type=\"application\/ld+json\" class=\"yoast-schema-graph\">{\"@context\":\"https:\/\/schema.org\",\"@graph\":[{\"@type\":\"WebPage\",\"@id\":\"https:\/\/demo3.thuythu.vn\/vnfranchise\/ban-muon-tim-kiem-doi-tac-phat-trien-kinh-doanh\/\",\"url\":\"https:\/\/demo3.thuythu.vn\/vnfranchise\/ban-muon-tim-kiem-doi-tac-phat-trien-kinh-doanh\/\",\"name\":\"B\u1ea1n Mu\u1ed1n T\u00ecm Ki\u1ebfm \u0110\u1ed1i T\u00e1c Ph\u00e1t Tri\u1ec3n Kinh Doanh &#8211; VNFranchise - Trang Nh\u01b0\u1ee3ng Quy\u1ec1n Th\u01b0\u01a1ng Hi\u1ec7u H\u00e0ng \u0110\u1ea7u Vi\u1ec7t Nam\",\"isPartOf\":{\"@id\":\"https:\/\/demo3.thuythu.vn\/vnfranchise\/#website\"},\"primaryImageOfPage\":{\"@id\":\"https:\/\/demo3.thuythu.vn\/vnfranchise\/ban-muon-tim-kiem-doi-tac-phat-trien-kinh-doanh\/#primaryimage\"},\"image\":{\"@id\":\"https:\/\/demo3.thuythu.vn\/vnfranchise\/ban-muon-tim-kiem-doi-tac-phat-trien-kinh-doanh\/#primaryimage\"},\"thumbnailUrl\":\"https:\/\/demo3.thuythu.vn\/vnfranchise\/wp-content\/uploads\/2024\/04\/2vnf-franchisor-ads.png\",\"datePublished\":\"2024-04-11T09:46:45+00:00\",\"dateModified\":\"2024-04-19T07:47:34+00:00\",\"description\":\"VN Franchise gi\u00fap b\u1ea1n: - Qu\u1ea3ng c\u00e1o th\u01b0\u01a1ng hi\u1ec7u\u00a0 - Ti\u1ebfp c\u1eadn h\u00e0ng ng\u00e0n c\u00e1c doanh nghi\u1ec7p v\u00e0 nh\u00e0 \u0111\u1ea7u t\u01b0 m\u1ed9t c\u00e1ch hi\u1ec7u qu\u1ea3 h\u01a1n v\u00e0 t\u1eadp trung \u0111\u00fang \u0111\u1ed1i t\u01b0\u1ee3ng h\u01a1n\",\"breadcrumb\":{\"@id\":\"https:\/\/demo3.thuythu.vn\/vnfranchise\/ban-muon-tim-kiem-doi-tac-phat-trien-kinh-doanh\/#breadcrumb\"},\"inLanguage\":\"en-US\",\"potentialAction\":[{\"@type\":\"ReadAction\",\"target\":[\"https:\/\/demo3.thuythu.vn\/vnfranchise\/ban-muon-tim-kiem-doi-tac-phat-trien-kinh-doanh\/\"]}]},{\"@type\":\"ImageObject\",\"inLanguage\":\"en-US\",\"@id\":\"https:\/\/demo3.thuythu.vn\/vnfranchise\/ban-muon-tim-kiem-doi-tac-phat-trien-kinh-doanh\/#primaryimage\",\"url\":\"https:\/\/demo3.thuythu.vn\/vnfranchise\/wp-content\/uploads\/2024\/04\/2vnf-franchisor-ads.png\",\"contentUrl\":\"https:\/\/demo3.thuythu.vn\/vnfranchise\/wp-content\/uploads\/2024\/04\/2vnf-franchisor-ads.png\",\"width\":940,\"height\":788},{\"@type\":\"BreadcrumbList\",\"@id\":\"https:\/\/demo3.thuythu.vn\/vnfranchise\/ban-muon-tim-kiem-doi-tac-phat-trien-kinh-doanh\/#breadcrumb\",\"itemListElement\":[{\"@type\":\"ListItem\",\"position\":1,\"name\":\"Home\",\"item\":\"https:\/\/demo3.thuythu.vn\/vnfranchise\/\"},{\"@type\":\"ListItem\",\"position\":2,\"name\":\"B\u1ea1n Mu\u1ed1n T\u00ecm Ki\u1ebfm \u0110\u1ed1i T\u00e1c Ph\u00e1t Tri\u1ec3n Kinh Doanh\"}]},{\"@type\":\"WebSite\",\"@id\":\"https:\/\/demo3.thuythu.vn\/vnfranchise\/#website\",\"url\":\"https:\/\/demo3.thuythu.vn\/vnfranchise\/\",\"name\":\"VNFranchise - Trang Nh\u01b0\u1ee3ng Quy\u1ec1n Th\u01b0\u01a1ng Hi\u1ec7u H\u00e0ng \u0110\u1ea7u Vi\u1ec7t Nam\",\"description\":\"\",\"publisher\":{\"@id\":\"https:\/\/demo3.thuythu.vn\/vnfranchise\/#organization\"},\"potentialAction\":[{\"@type\":\"SearchAction\",\"target\":{\"@type\":\"EntryPoint\",\"urlTemplate\":\"https:\/\/demo3.thuythu.vn\/vnfranchise\/?s={search_term_string}\"},\"query-input\":\"required name=search_term_string\"}],\"inLanguage\":\"en-US\"},{\"@type\":\"Organization\",\"@id\":\"https:\/\/demo3.thuythu.vn\/vnfranchise\/#organization\",\"name\":\"VNFranchise - Trang Nh\u01b0\u1ee3ng Quy\u1ec1n Th\u01b0\u01a1ng Hi\u1ec7u H\u00e0ng \u0110\u1ea7u Vi\u1ec7t Nam\",\"url\":\"https:\/\/demo3.thuythu.vn\/vnfranchise\/\",\"logo\":{\"@type\":\"ImageObject\",\"inLanguage\":\"en-US\",\"@id\":\"https:\/\/demo3.thuythu.vn\/vnfranchise\/#\/schema\/logo\/image\/\",\"url\":\"https:\/\/demo3.thuythu.vn\/vnfranchise\/wp-content\/uploads\/2018\/02\/VNF_Logo_06.png\",\"contentUrl\":\"https:\/\/demo3.thuythu.vn\/vnfranchise\/wp-content\/uploads\/2018\/02\/VNF_Logo_06.png\",\"width\":503,\"height\":249,\"caption\":\"VNFranchise - Trang Nh\u01b0\u1ee3ng Quy\u1ec1n Th\u01b0\u01a1ng Hi\u1ec7u H\u00e0ng \u0110\u1ea7u Vi\u1ec7t Nam\"},\"image\":{\"@id\":\"https:\/\/demo3.thuythu.vn\/vnfranchise\/#\/schema\/logo\/image\/\"},\"sameAs\":[\"https:\/\/www.facebook.com\/VNFranchise.vn\",\"https:\/\/x.com\/ConsultVf\",\"https:\/\/www.linkedin.com\/feed\/?trk=onboarding-landing https:\/\/twitter.com\/SmesVn?lang=en\",\"https:\/\/www.youtube.com\/channel\/UCcDa0dtDT6U2_oeazoW0HXQ\"]}]}<\/script>\n<!-- \/ Yoast SEO plugin. -->","yoast_head_json":{"title":"B\u1ea1n Mu\u1ed1n T\u00ecm Ki\u1ebfm \u0110\u1ed1i T\u00e1c Ph\u00e1t Tri\u1ec3n Kinh Doanh &#8211; VNFranchise - Trang Nh\u01b0\u1ee3ng Quy\u1ec1n Th\u01b0\u01a1ng Hi\u1ec7u H\u00e0ng \u0110\u1ea7u Vi\u1ec7t Nam","description":"VN Franchise gi\u00fap b\u1ea1n: - Qu\u1ea3ng c\u00e1o th\u01b0\u01a1ng hi\u1ec7u\u00a0 - Ti\u1ebfp c\u1eadn h\u00e0ng ng\u00e0n c\u00e1c doanh nghi\u1ec7p v\u00e0 nh\u00e0 \u0111\u1ea7u t\u01b0 m\u1ed9t c\u00e1ch hi\u1ec7u qu\u1ea3 h\u01a1n v\u00e0 t\u1eadp trung \u0111\u00fang \u0111\u1ed1i t\u01b0\u1ee3ng h\u01a1n","robots":{"index":"noindex","follow":"follow","max-snippet":"max-snippet:-1","max-image-preview":"max-image-preview:large","max-video-preview":"max-video-preview:-1"},"og_locale":"en_US","og_type":"article","og_title":"B\u1ea1n Mu\u1ed1n T\u00ecm Ki\u1ebfm \u0110\u1ed1i T\u00e1c Ph\u00e1t Tri\u1ec3n Kinh Doanh &#8211; VNFranchise - Trang Nh\u01b0\u1ee3ng Quy\u1ec1n Th\u01b0\u01a1ng Hi\u1ec7u H\u00e0ng \u0110\u1ea7u Vi\u1ec7t Nam","og_description":"VN Franchise gi\u00fap b\u1ea1n: - Qu\u1ea3ng c\u00e1o th\u01b0\u01a1ng hi\u1ec7u\u00a0 - Ti\u1ebfp c\u1eadn h\u00e0ng ng\u00e0n c\u00e1c doanh nghi\u1ec7p v\u00e0 nh\u00e0 \u0111\u1ea7u t\u01b0 m\u1ed9t c\u00e1ch hi\u1ec7u qu\u1ea3 h\u01a1n v\u00e0 t\u1eadp trung \u0111\u00fang \u0111\u1ed1i t\u01b0\u1ee3ng h\u01a1n","og_url":"https:\/\/demo3.thuythu.vn\/vnfranchise\/ban-muon-tim-kiem-doi-tac-phat-trien-kinh-doanh\/","og_site_name":"VNFranchise - Trang Nh\u01b0\u1ee3ng Quy\u1ec1n Th\u01b0\u01a1ng Hi\u1ec7u H\u00e0ng \u0110\u1ea7u Vi\u1ec7t Nam","article_publisher":"https:\/\/www.facebook.com\/VNFranchise.vn","article_modified_time":"2024-04-19T07:47:34+00:00","og_image":[{"width":940,"height":788,"url":"https:\/\/demo3.thuythu.vn\/vnfranchise\/wp-content\/uploads\/2024\/04\/2vnf-franchisor-ads.png","type":"image\/png"}],"twitter_card":"summary_large_image","twitter_site":"@ConsultVf","twitter_misc":{"Est. reading time":"3 minutes"},"schema":{"@context":"https:\/\/schema.org","@graph":[{"@type":"WebPage","@id":"https:\/\/demo3.thuythu.vn\/vnfranchise\/ban-muon-tim-kiem-doi-tac-phat-trien-kinh-doanh\/","url":"https:\/\/demo3.thuythu.vn\/vnfranchise\/ban-muon-tim-kiem-doi-tac-phat-trien-kinh-doanh\/","name":"B\u1ea1n Mu\u1ed1n T\u00ecm Ki\u1ebfm \u0110\u1ed1i T\u00e1c Ph\u00e1t Tri\u1ec3n Kinh Doanh &#8211; VNFranchise - Trang Nh\u01b0\u1ee3ng Quy\u1ec1n Th\u01b0\u01a1ng Hi\u1ec7u H\u00e0ng \u0110\u1ea7u Vi\u1ec7t Nam","isPartOf":{"@id":"https:\/\/demo3.thuythu.vn\/vnfranchise\/#website"},"primaryImageOfPage":{"@id":"https:\/\/demo3.thuythu.vn\/vnfranchise\/ban-muon-tim-kiem-doi-tac-phat-trien-kinh-doanh\/#primaryimage"},"image":{"@id":"https:\/\/demo3.thuythu.vn\/vnfranchise\/ban-muon-tim-kiem-doi-tac-phat-trien-kinh-doanh\/#primaryimage"},"thumbnailUrl":"https:\/\/demo3.thuythu.vn\/vnfranchise\/wp-content\/uploads\/2024\/04\/2vnf-franchisor-ads.png","datePublished":"2024-04-11T09:46:45+00:00","dateModified":"2024-04-19T07:47:34+00:00","description":"VN Franchise gi\u00fap b\u1ea1n: - Qu\u1ea3ng c\u00e1o th\u01b0\u01a1ng hi\u1ec7u\u00a0 - Ti\u1ebfp c\u1eadn h\u00e0ng ng\u00e0n c\u00e1c doanh nghi\u1ec7p v\u00e0 nh\u00e0 \u0111\u1ea7u t\u01b0 m\u1ed9t c\u00e1ch hi\u1ec7u qu\u1ea3 h\u01a1n v\u00e0 t\u1eadp trung \u0111\u00fang \u0111\u1ed1i t\u01b0\u1ee3ng h\u01a1n","breadcrumb":{"@id":"https:\/\/demo3.thuythu.vn\/vnfranchise\/ban-muon-tim-kiem-doi-tac-phat-trien-kinh-doanh\/#breadcrumb"},"inLanguage":"en-US","potentialAction":[{"@type":"ReadAction","target":["https:\/\/demo3.thuythu.vn\/vnfranchise\/ban-muon-tim-kiem-doi-tac-phat-trien-kinh-doanh\/"]}]},{"@type":"ImageObject","inLanguage":"en-US","@id":"https:\/\/demo3.thuythu.vn\/vnfranchise\/ban-muon-tim-kiem-doi-tac-phat-trien-kinh-doanh\/#primaryimage","url":"https:\/\/demo3.thuythu.vn\/vnfranchise\/wp-content\/uploads\/2024\/04\/2vnf-franchisor-ads.png","contentUrl":"https:\/\/demo3.thuythu.vn\/vnfranchise\/wp-content\/uploads\/2024\/04\/2vnf-franchisor-ads.png","width":940,"height":788},{"@type":"BreadcrumbList","@id":"https:\/\/demo3.thuythu.vn\/vnfranchise\/ban-muon-tim-kiem-doi-tac-phat-trien-kinh-doanh\/#breadcrumb","itemListElement":[{"@type":"ListItem","position":1,"name":"Home","item":"https:\/\/demo3.thuythu.vn\/vnfranchise\/"},{"@type":"ListItem","position":2,"name":"B\u1ea1n Mu\u1ed1n T\u00ecm Ki\u1ebfm \u0110\u1ed1i T\u00e1c Ph\u00e1t Tri\u1ec3n Kinh Doanh"}]},{"@type":"WebSite","@id":"https:\/\/demo3.thuythu.vn\/vnfranchise\/#website","url":"https:\/\/demo3.thuythu.vn\/vnfranchise\/","name":"VNFranchise - Trang Nh\u01b0\u1ee3ng Quy\u1ec1n Th\u01b0\u01a1ng Hi\u1ec7u H\u00e0ng \u0110\u1ea7u Vi\u1ec7t Nam","description":"","publisher":{"@id":"https:\/\/demo3.thuythu.vn\/vnfranchise\/#organization"},"potentialAction":[{"@type":"SearchAction","target":{"@type":"EntryPoint","urlTemplate":"https:\/\/demo3.thuythu.vn\/vnfranchise\/?s={search_term_string}"},"query-input":"required name=search_term_string"}],"inLanguage":"en-US"},{"@type":"Organization","@id":"https:\/\/demo3.thuythu.vn\/vnfranchise\/#organization","name":"VNFranchise - Trang Nh\u01b0\u1ee3ng Quy\u1ec1n Th\u01b0\u01a1ng Hi\u1ec7u H\u00e0ng \u0110\u1ea7u Vi\u1ec7t Nam","url":"https:\/\/demo3.thuythu.vn\/vnfranchise\/","logo":{"@type":"ImageObject","inLanguage":"en-US","@id":"https:\/\/demo3.thuythu.vn\/vnfranchise\/#\/schema\/logo\/image\/","url":"https:\/\/demo3.thuythu.vn\/vnfranchise\/wp-content\/uploads\/2018\/02\/VNF_Logo_06.png","contentUrl":"https:\/\/demo3.thuythu.vn\/vnfranchise\/wp-content\/uploads\/2018\/02\/VNF_Logo_06.png","width":503,"height":249,"caption":"VNFranchise - Trang Nh\u01b0\u1ee3ng Quy\u1ec1n Th\u01b0\u01a1ng Hi\u1ec7u H\u00e0ng \u0110\u1ea7u Vi\u1ec7t Nam"},"image":{"@id":"https:\/\/demo3.thuythu.vn\/vnfranchise\/#\/schema\/logo\/image\/"},"sameAs":["https:\/\/www.facebook.com\/VNFranchise.vn","https:\/\/x.com\/ConsultVf","https:\/\/www.linkedin.com\/feed\/?trk=onboarding-landing https:\/\/twitter.com\/SmesVn?lang=en","https:\/\/www.youtube.com\/channel\/UCcDa0dtDT6U2_oeazoW0HXQ"]}]}},"_links":{"self":[{"href":"https:\/\/demo3.thuythu.vn\/vnfranchise\/wp-json\/wp\/v2\/pages\/38669"}],"collection":[{"href":"https:\/\/demo3.thuythu.vn\/vnfranchise\/wp-json\/wp\/v2\/pages"}],"about":[{"href":"https:\/\/demo3.thuythu.vn\/vnfranchise\/wp-json\/wp\/v2\/types\/page"}],"author":[{"embeddable":true,"href":"https:\/\/demo3.thuythu.vn\/vnfranchise\/wp-json\/wp\/v2\/users\/12"}],"replies":[{"embeddable":true,"href":"https:\/\/demo3.thuythu.vn\/vnfranchise\/wp-json\/wp\/v2\/comments?post=38669"}],"version-history":[{"count":9,"href":"https:\/\/demo3.thuythu.vn\/vnfranchise\/wp-json\/wp\/v2\/pages\/38669\/revisions"}],"predecessor-version":[{"id":38696,"href":"https:\/\/demo3.thuythu.vn\/vnfranchise\/wp-json\/wp\/v2\/pages\/38669\/revisions\/38696"}],"wp:featuredmedia":[{"embeddable":true,"href":"https:\/\/demo3.thuythu.vn\/vnfranchise\/wp-json\/wp\/v2\/media\/38676"}],"wp:attachment":[{"href":"https:\/\/demo3.thuythu.vn\/vnfranchise\/wp-json\/wp\/v2\/media?parent=38669"}],"curies":[{"name":"wp","href":"https:\/\/api.w.org\/{rel}","templated":true}]}}