{"id":27401,"date":"2020-08-07T09:46:04","date_gmt":"2020-08-07T02:46:04","guid":{"rendered":"https:\/\/demo3.thuythu.vn\/vnfranchise\/?page_id=27401"},"modified":"2020-09-17T14:53:22","modified_gmt":"2020-09-17T07:53:22","slug":"tu-van-nhuong-quyen","status":"publish","type":"page","link":"https:\/\/demo3.thuythu.vn\/vnfranchise\/tu-van-nhuong-quyen\/","title":{"rendered":"T\u01af V\u1ea4N NH\u01af\u1ee2NG QUY\u1ec0N"},"content":{"rendered":"\n<h2><span id=\"TU_VAN_KINH_DOANH_VA_TU_VAN_NHUONG_QUYEN\" style=\"font-family: arial, helvetica, sans-serif; font-size: 20px; color: #000080;\"><strong>T\u01af V\u1ea4N KINH DOANH V\u00c0 T\u01af V\u1ea4N NH\u01af\u1ee2NG QUY\u1ec0N<\/strong><\/span><\/h2>\n<ul>\n<li class=\"firstItem\"><span style=\"font-family: arial, helvetica, sans-serif; font-size: 20px; color: #333333;\">&#8211; Chi\u1ebfn l\u01b0\u1ee3c 5 n\u0103m cho nh\u01b0\u1ee3ng quy\u1ec1n \/ kinh doanh v\u00e0 k\u1ebf ho\u1ea1ch ph\u00e1t tri\u1ec3n<\/span><\/li>\n<li><span style=\"font-family: arial, helvetica, sans-serif; font-size: 20px; color: #333333;\">&#8211; \u0110\u00e1nh gi\u00e1 ho\u1ea1t \u0111\u1ed9ng<\/span><\/li>\n<li><span style=\"font-family: arial, helvetica, sans-serif; font-size: 20px; color: #333333;\">&#8211; H\u01b0\u1edbng d\u1eabn v\u1eadn h\u00e0nh<\/span><\/li>\n<li><span style=\"font-family: arial, helvetica, sans-serif; font-size: 20px; color: #333333;\">&#8211; Th\u1ecfa thu\u1eadn v\u00e0 h\u1ee3p \u0111\u1ed3ng<\/span><\/li>\n<li><span style=\"font-family: arial, helvetica, sans-serif; font-size: 20px; color: #333333;\">&#8211; C\u00f4ng c\u1ee5 kinh doanh v\u00e0 \u0111\u1ea7u t\u01b0<\/span><\/li>\n<li><span style=\"font-family: arial, helvetica, sans-serif; font-size: 20px; color: #333333;\">&#8211; H\u1ed7 tr\u1ee3 li\u00ean t\u1ee5c trong v\u1eadn h\u00e0nh<\/span><\/li>\n<li><span style=\"font-family: arial, helvetica, sans-serif; font-size: 20px; color: #333333;\">&#8211; \u0110\u00e1nh gi\u00e1 marketing<\/span><\/li>\n<li><span style=\"font-family: arial, helvetica, sans-serif; font-size: 20px; color: #333333;\">&#8211; D\u1ecbch v\u1ee5 marketing<\/span><\/li>\n<li class=\"lastItem\"><span style=\"font-family: arial, helvetica, sans-serif; font-size: 20px; color: #333333;\">&#8211; C\u00e1c d\u1ef1 \u00e1n \u0111\u1eb7c bi\u1ec7t<\/span><\/li>\n<\/ul>\n<h2><span id=\"TU_VAN_BAN_HANG_MARKETING\" style=\"font-family: arial, helvetica, sans-serif; font-size: 20px; color: #000080;\"><strong>T\u01af V\u1ea4N B\u00c1N H\u00c0NG &amp; MARKETING<\/strong><\/span><\/h2>\n<ul>\n<li><span style=\"font-family: arial, helvetica, sans-serif; font-size: 20px; color: #333333;\">&#8211; X\u00e1c \u0111\u1ecbnh c\u00e1c \u0111i\u1ec1u ki\u1ec7n v\u00e0 ch\u00ednh s\u00e1ch then ch\u1ed1t trong kinh doanh nh\u01b0\u1ee3ng quy\u1ec1n \u0111\u1ec3 ph\u00f9 h\u1ee3p v\u1edbi c\u00e1c qu\u1ed1c gia m\u1ee5c ti\u00eau<\/span><\/li>\n<li><span style=\"font-family: arial, helvetica, sans-serif; font-size: 20px; color: #333333;\">&#8211; X\u00e1c minh h\u1ed3 s\u01a1 c\u00e1c nh\u00e0 \u0111\u1ea7u t\u01b0 l\u00fd t\u01b0\u1edfng<\/span><\/li>\n<li><span style=\"font-family: arial, helvetica, sans-serif; font-size: 20px; color: #333333;\">&#8211; Cung c\u1ea5p chi\u1ebfn l\u01b0\u1ee3c m\u1edf r\u1ed9ng kinh doanh v\u00e0 nh\u01b0\u1ee3ng quy\u1ec1n cao c\u1ea5p<\/span><\/li>\n<li><span style=\"font-family: arial, helvetica, sans-serif; font-size: 20px; color: #333333;\">&#8211; Cung c\u1ea5p danh s\u00e1ch c\u00e1c n\u1ed9i dung v\u00e0 t\u00e0i li\u1ec7u nh\u01b0\u1ee3ng quy\u1ec1n c\u1ea7n thi\u1ebft<\/span><\/li>\n<li><span style=\"font-family: arial, helvetica, sans-serif; font-size: 20px; color: #333333;\">&#8211; Cung c\u1ea5p c\u00e1c ti\u00eau chu\u1ea9n v\u1ec1 NDA kinh doanh v\u00e0 nh\u01b0\u1ee3ng quy\u1ec1n<\/span><\/li>\n<li><span style=\"font-family: arial, helvetica, sans-serif; font-size: 20px; color: #333333;\">&#8211; Xem x\u00e9t c\u00e1c t\u00e0i li\u1ec7u b\u00e1n h\u00e0ng hi\u1ec7n c\u00f3 v\u00e0 cung c\u1ea5p th\u00f4ng tin ph\u1ea3n h\u1ed3i<\/span><\/li>\n<li><span style=\"font-family: arial, helvetica, sans-serif; font-size: 20px; color: #333333;\">&#8211; Chuy\u1ec3n \u0111\u1ed5i ng\u00f4n ng\u1eef sang ti\u1ebfng Vi\u1ec7t cho c\u00e1c qu\u1ea3ng c\u00e1o t\u1ea1i trong khu v\u1ef1c<\/span><\/li>\n<\/ul>\n<h2><span id=\"TU_VAN_KINH_DOANH\" style=\"font-family: arial, helvetica, sans-serif; font-size: 20px; color: #000080;\"><strong>T\u01af V\u1ea4N KINH DOANH<\/strong><\/span><\/h2>\n<ul>\n<li class=\"firstItem\"><span style=\"font-family: arial, helvetica, sans-serif; font-size: 20px; color: #333333;\">&#8211; Th\u1ef1c hi\u1ec7n \u201cTh\u1ea9m \u0111\u1ecbnh chuy\u1ec3n s\u00e2u\u201d (due delligence) trong kinh doanh, ph\u00e2n ph\u1ed1i, v\u00e0 c\u00e1c \u0111\u1ed1i t\u00e1c li\u00ean doanh<\/span><\/li>\n<li><span style=\"font-family: arial, helvetica, sans-serif; font-size: 20px; color: #333333;\">&#8211; Th\u1ef1c hi\u1ec7n Nghi\u00ean C\u1ee9u Kh\u1ea3 Thi<\/span><\/li>\n<li><span style=\"font-family: arial, helvetica, sans-serif; font-size: 20px; color: #333333;\">&#8211; Th\u1ef1c hi\u1ec7n Nghi\u00ean C\u1ee9u X\u00e2m Nh\u1eadp Th\u1ecb Tr\u01b0\u1eddng<\/span><\/li>\n<li><span style=\"font-family: arial, helvetica, sans-serif; font-size: 20px; color: #333333;\">&#8211; Ph\u00e2n t\u00edch \u0111\u1ed1i th\u1ee7 c\u1ea1nh tranh tr\u1ef1c ti\u1ebfp \u2013 theo khu v\u1ef1c, th\u00e0nh ph\u1ed1, v\u00f9ng mi\u1ec1n<\/span><\/li>\n<li><span style=\"font-family: arial, helvetica, sans-serif; font-size: 20px; color: #333333;\">&#8211; D\u1ecbch v\u1ee5 \u0111\u1ecbnh v\u1ecb h\u1ec7 th\u1ed1ng th\u00f4ng tin \u0111\u1ecba l\u00fd<\/span><\/li>\n<li class=\"lastItem\"><span style=\"font-family: arial, helvetica, sans-serif; font-size: 20px; color: #333333;\">&#8211; C\u00e1c d\u1ef1 \u00e1n \u0111\u1eb7c bi\u1ec7t<\/span><\/li>\n<\/ul>\n<h2><span id=\"KHOA_DAO_TAO_VE_NHUONG_QUYEN\" style=\"font-family: arial, helvetica, sans-serif; font-size: 20px; color: #000080;\"><strong>KH\u00d3A \u0110\u00c0O T\u1ea0O V\u1ec0 NH\u01af\u1ee2NG QUY\u1ec0N<\/strong><\/span><\/h2>\n<ul>\n<li class=\"firstItem\"><span style=\"font-family: arial, helvetica, sans-serif; font-size: 20px; color: #333333;\">&#8211; Nh\u01b0\u1ee3ng quy\u1ec1n th\u01b0\u01a1ng hi\u1ec7u nh\u01b0 th\u1ebf n\u00e0o l\u00e0 \u0111\u00fang<\/span><\/li>\n<li><span style=\"font-family: arial, helvetica, sans-serif; font-size: 20px; color: #333333;\">&#8211; V\u00ec sao th\u01b0\u01a1ng hi\u1ec7u c\u1ee7a b\u1ea1n n\u00ean \u0111\u01b0\u1ee3c nh\u01b0\u1ee3ng quy\u1ec1n? V\u00e0 nh\u01b0 th\u1ebf n\u00e0o?<\/span><\/li>\n<li class=\"lastItem\"><span style=\"font-family: arial, helvetica, sans-serif; font-size: 20px; color: #333333;\">&#8211; Nguy\u00ean t\u1eafc c\u01a1 b\u1ea3n trong nh\u01b0\u1ee3ng quy\u1ec1n th\u01b0\u01a1ng m\u1ea1i<\/span><\/li>\n<\/ul>\n<h2 style=\"text-align: center;\"><span id=\"KHOA_DAO_TAO_VE_NHUONG_QUYEN\" style=\"font-family: arial, helvetica, sans-serif; font-size: 20px; color: #000080;\"><strong>\u0110\u0103ng K\u00fd D\u1ecbch V\u1ee5 V\u1edbi VN Franchise<\/strong><\/span><\/h2>\n<table class=\"wp-list-table widefat fixed striped forms aligncenter\">\n<tbody id=\"the-list\" data-wp-lists=\"list:form\">\n<tr>\n<td class=\"shortcode column-shortcode\" data-colname=\"Shortcode\"><div class=\"wpforms-container wpforms-container-full\" id=\"wpforms-27720\"><form id=\"wpforms-form-27720\" class=\"wpforms-validate wpforms-form\" data-formid=\"27720\" method=\"post\" enctype=\"multipart\/form-data\" action=\"\/vnfranchise\/wp-json\/wp\/v2\/pages\/27401\" data-token=\"aa175dfcdcd916f7427152ef1b38b5cc\" data-token-time=\"1777435274\"><noscript class=\"wpforms-error-noscript\">Please enable JavaScript in your browser to complete this form.<\/noscript><div class=\"wpforms-field-container\"><div id=\"wpforms-27720-field_0-container\" class=\"wpforms-field wpforms-field-name\" data-field-id=\"0\"><label class=\"wpforms-field-label\" for=\"wpforms-27720-field_0\">H\u1ecd v\u00e0 T\u00ean <span class=\"wpforms-required-label\">*<\/span><\/label><input type=\"text\" id=\"wpforms-27720-field_0\" class=\"wpforms-field-large wpforms-field-required\" name=\"wpforms[fields][0]\" required><\/div><div id=\"wpforms-27720-field_1-container\" class=\"wpforms-field wpforms-field-email\" data-field-id=\"1\"><label class=\"wpforms-field-label\" for=\"wpforms-27720-field_1\">Email <span class=\"wpforms-required-label\">*<\/span><\/label><input type=\"email\" id=\"wpforms-27720-field_1\" class=\"wpforms-field-large wpforms-field-required\" name=\"wpforms[fields][1]\" spellcheck=\"false\" required><\/div><div id=\"wpforms-27720-field_3-container\" class=\"wpforms-field wpforms-field-number\" data-field-id=\"3\"><label class=\"wpforms-field-label\" for=\"wpforms-27720-field_3\">S\u1ed1 \u0110i\u1ec7n Tho\u1ea1i <span class=\"wpforms-required-label\">*<\/span><\/label><input type=\"number\" id=\"wpforms-27720-field_3\" class=\"wpforms-field-large wpforms-field-required\" name=\"wpforms[fields][3]\" required><\/div><div id=\"wpforms-27720-field_4-container\" class=\"wpforms-field wpforms-field-select\" data-field-id=\"4\"><label class=\"wpforms-field-label\" for=\"wpforms-27720-field_4\">D\u1ecbch v\u1ee5 y\u00eau c\u1ea7u <span class=\"wpforms-required-label\">*<\/span><\/label><select id=\"wpforms-27720-field_4\" class=\"wpforms-field-large wpforms-field-required\" name=\"wpforms[fields][4]\" required=\"required\"><option value=\"Vui l\u00f2ng ch\u1ecdn\" >Vui l\u00f2ng ch\u1ecdn<\/option><option value=\"T\u01af V\u1ea4N KINH DOANH V\u00c0 T\u01af V\u1ea4N NH\u01af\u1ee2NG QUY\u1ec0N\" >T\u01af V\u1ea4N KINH DOANH V\u00c0 T\u01af V\u1ea4N NH\u01af\u1ee2NG QUY\u1ec0N<\/option><option value=\"T\u01af V\u1ea4N B\u00c1N H\u00c0NG &amp; MARKETING\" >T\u01af V\u1ea4N B\u00c1N H\u00c0NG &amp; MARKETING<\/option><option value=\"T\u01af V\u1ea4N KINH DOANH\" >T\u01af V\u1ea4N KINH DOANH<\/option><option value=\"KH\u00d3A \u0110\u00c0O T\u1ea0O V\u1ec0 NH\u01af\u1ee2NG QUY\u1ec0N\" >KH\u00d3A \u0110\u00c0O T\u1ea0O V\u1ec0 NH\u01af\u1ee2NG QUY\u1ec0N<\/option><\/select><\/div><\/div><!-- .wpforms-field-container --><div class=\"wpforms-field wpforms-field-hp\"><label for=\"wpforms-27720-field-hp\" class=\"wpforms-field-label\">Name<\/label><input type=\"text\" name=\"wpforms[hp]\" id=\"wpforms-27720-field-hp\" class=\"wpforms-field-medium\"><\/div><div class=\"wpforms-submit-container\" ><input type=\"hidden\" name=\"wpforms[id]\" value=\"27720\"><input type=\"hidden\" name=\"page_title\" value=\"\"><input type=\"hidden\" name=\"page_url\" value=\"https:\/\/demo3.thuythu.vn\/vnfranchise\/wp-json\/wp\/v2\/pages\/27401\"><button type=\"submit\" name=\"wpforms[submit]\" id=\"wpforms-submit-27720\" class=\"wpforms-submit\" data-alt-text=\"Processing...\" data-submit-text=\"Submit\" aria-live=\"assertive\" value=\"wpforms-submit\">Submit<\/button><\/div><\/form><\/div>  <!-- .wpforms-container --><\/td>\n<\/tr>\n<\/tbody>\n<\/table>\n","protected":false},"excerpt":{"rendered":"<p>&#8230;<\/p>\n","protected":false},"author":12,"featured_media":0,"parent":0,"menu_order":0,"comment_status":"closed","ping_status":"closed","template":"","meta":{"_acf_changed":false,"footnotes":""},"acf":[],"yoast_head":"<!-- This site is optimized with the Yoast SEO plugin v22.8 - https:\/\/yoast.com\/wordpress\/plugins\/seo\/ -->\n<title>T\u01af V\u1ea4N NH\u01af\u1ee2NG QUY\u1ec0N &#8211; VNFranchise - Trang Nh\u01b0\u1ee3ng Quy\u1ec1n Th\u01b0\u01a1ng Hi\u1ec7u H\u00e0ng \u0110\u1ea7u Vi\u1ec7t Nam<\/title>\n<meta name=\"description\" content=\"T\u01af V\u1ea4N KINH DOANH V\u00c0 T\u01af V\u1ea4N NH\u01af\u1ee2NG QUY\u1ec0N - Chi\u1ebfn l\u01b0\u1ee3c 5 n\u0103m cho nh\u01b0\u1ee3ng quy\u1ec1n \/ kinh doanh v\u00e0 k\u1ebf ho\u1ea1ch ph\u00e1t tri\u1ec3n - \u0110\u00e1nh gi\u00e1 ho\u1ea1t \u0111\u1ed9ng - H\u01b0\u1edbng d\u1eabn v\u1eadn h\u00e0nh\" \/>\n<meta name=\"robots\" content=\"noindex, follow, max-snippet:-1, max-image-preview:large, max-video-preview:-1\" \/>\n<meta property=\"og:locale\" content=\"en_US\" \/>\n<meta property=\"og:type\" content=\"article\" \/>\n<meta property=\"og:title\" content=\"T\u01af V\u1ea4N NH\u01af\u1ee2NG QUY\u1ec0N &#8211; VNFranchise - Trang Nh\u01b0\u1ee3ng Quy\u1ec1n Th\u01b0\u01a1ng Hi\u1ec7u H\u00e0ng \u0110\u1ea7u Vi\u1ec7t Nam\" \/>\n<meta property=\"og:description\" content=\"T\u01af V\u1ea4N KINH DOANH V\u00c0 T\u01af V\u1ea4N NH\u01af\u1ee2NG QUY\u1ec0N - Chi\u1ebfn l\u01b0\u1ee3c 5 n\u0103m cho nh\u01b0\u1ee3ng quy\u1ec1n \/ kinh doanh v\u00e0 k\u1ebf ho\u1ea1ch ph\u00e1t tri\u1ec3n - \u0110\u00e1nh gi\u00e1 ho\u1ea1t \u0111\u1ed9ng - H\u01b0\u1edbng d\u1eabn v\u1eadn h\u00e0nh\" \/>\n<meta property=\"og:url\" content=\"https:\/\/demo3.thuythu.vn\/vnfranchise\/tu-van-nhuong-quyen\/\" \/>\n<meta property=\"og:site_name\" content=\"VNFranchise - Trang Nh\u01b0\u1ee3ng Quy\u1ec1n Th\u01b0\u01a1ng Hi\u1ec7u H\u00e0ng \u0110\u1ea7u Vi\u1ec7t Nam\" \/>\n<meta property=\"article:publisher\" content=\"https:\/\/www.facebook.com\/VNFranchise.vn\" \/>\n<meta property=\"article:modified_time\" content=\"2020-09-17T07:53:22+00:00\" \/>\n<meta property=\"og:image\" content=\"https:\/\/demo3.thuythu.vn\/vnfranchise\/wp-content\/uploads\/2018\/02\/VNF_Logo_06.png\" \/>\n\t<meta property=\"og:image:width\" content=\"503\" \/>\n\t<meta property=\"og:image:height\" content=\"249\" \/>\n\t<meta property=\"og:image:type\" content=\"image\/png\" \/>\n<meta name=\"twitter:card\" content=\"summary_large_image\" \/>\n<meta name=\"twitter:site\" content=\"@ConsultVf\" \/>\n<meta name=\"twitter:label1\" content=\"Est. reading time\" \/>\n\t<meta name=\"twitter:data1\" content=\"2 minutes\" \/>\n<script type=\"application\/ld+json\" class=\"yoast-schema-graph\">{\"@context\":\"https:\/\/schema.org\",\"@graph\":[{\"@type\":\"WebPage\",\"@id\":\"https:\/\/demo3.thuythu.vn\/vnfranchise\/tu-van-nhuong-quyen\/\",\"url\":\"https:\/\/demo3.thuythu.vn\/vnfranchise\/tu-van-nhuong-quyen\/\",\"name\":\"T\u01af V\u1ea4N NH\u01af\u1ee2NG QUY\u1ec0N &#8211; VNFranchise - Trang Nh\u01b0\u1ee3ng Quy\u1ec1n Th\u01b0\u01a1ng Hi\u1ec7u H\u00e0ng \u0110\u1ea7u Vi\u1ec7t Nam\",\"isPartOf\":{\"@id\":\"https:\/\/demo3.thuythu.vn\/vnfranchise\/#website\"},\"datePublished\":\"2020-08-07T02:46:04+00:00\",\"dateModified\":\"2020-09-17T07:53:22+00:00\",\"description\":\"T\u01af V\u1ea4N KINH DOANH V\u00c0 T\u01af V\u1ea4N NH\u01af\u1ee2NG QUY\u1ec0N - Chi\u1ebfn l\u01b0\u1ee3c 5 n\u0103m cho nh\u01b0\u1ee3ng quy\u1ec1n \/ kinh doanh v\u00e0 k\u1ebf ho\u1ea1ch ph\u00e1t tri\u1ec3n - \u0110\u00e1nh gi\u00e1 ho\u1ea1t \u0111\u1ed9ng - H\u01b0\u1edbng d\u1eabn v\u1eadn h\u00e0nh\",\"breadcrumb\":{\"@id\":\"https:\/\/demo3.thuythu.vn\/vnfranchise\/tu-van-nhuong-quyen\/#breadcrumb\"},\"inLanguage\":\"en-US\",\"potentialAction\":[{\"@type\":\"ReadAction\",\"target\":[\"https:\/\/demo3.thuythu.vn\/vnfranchise\/tu-van-nhuong-quyen\/\"]}]},{\"@type\":\"BreadcrumbList\",\"@id\":\"https:\/\/demo3.thuythu.vn\/vnfranchise\/tu-van-nhuong-quyen\/#breadcrumb\",\"itemListElement\":[{\"@type\":\"ListItem\",\"position\":1,\"name\":\"Home\",\"item\":\"https:\/\/demo3.thuythu.vn\/vnfranchise\/\"},{\"@type\":\"ListItem\",\"position\":2,\"name\":\"T\u01af V\u1ea4N NH\u01af\u1ee2NG QUY\u1ec0N\"}]},{\"@type\":\"WebSite\",\"@id\":\"https:\/\/demo3.thuythu.vn\/vnfranchise\/#website\",\"url\":\"https:\/\/demo3.thuythu.vn\/vnfranchise\/\",\"name\":\"VNFranchise - Trang Nh\u01b0\u1ee3ng Quy\u1ec1n Th\u01b0\u01a1ng Hi\u1ec7u H\u00e0ng \u0110\u1ea7u Vi\u1ec7t Nam\",\"description\":\"\",\"publisher\":{\"@id\":\"https:\/\/demo3.thuythu.vn\/vnfranchise\/#organization\"},\"potentialAction\":[{\"@type\":\"SearchAction\",\"target\":{\"@type\":\"EntryPoint\",\"urlTemplate\":\"https:\/\/demo3.thuythu.vn\/vnfranchise\/?s={search_term_string}\"},\"query-input\":\"required name=search_term_string\"}],\"inLanguage\":\"en-US\"},{\"@type\":\"Organization\",\"@id\":\"https:\/\/demo3.thuythu.vn\/vnfranchise\/#organization\",\"name\":\"VNFranchise - Trang Nh\u01b0\u1ee3ng Quy\u1ec1n Th\u01b0\u01a1ng Hi\u1ec7u H\u00e0ng \u0110\u1ea7u Vi\u1ec7t Nam\",\"url\":\"https:\/\/demo3.thuythu.vn\/vnfranchise\/\",\"logo\":{\"@type\":\"ImageObject\",\"inLanguage\":\"en-US\",\"@id\":\"https:\/\/demo3.thuythu.vn\/vnfranchise\/#\/schema\/logo\/image\/\",\"url\":\"https:\/\/demo3.thuythu.vn\/vnfranchise\/wp-content\/uploads\/2018\/02\/VNF_Logo_06.png\",\"contentUrl\":\"https:\/\/demo3.thuythu.vn\/vnfranchise\/wp-content\/uploads\/2018\/02\/VNF_Logo_06.png\",\"width\":503,\"height\":249,\"caption\":\"VNFranchise - Trang Nh\u01b0\u1ee3ng Quy\u1ec1n Th\u01b0\u01a1ng Hi\u1ec7u H\u00e0ng \u0110\u1ea7u Vi\u1ec7t Nam\"},\"image\":{\"@id\":\"https:\/\/demo3.thuythu.vn\/vnfranchise\/#\/schema\/logo\/image\/\"},\"sameAs\":[\"https:\/\/www.facebook.com\/VNFranchise.vn\",\"https:\/\/x.com\/ConsultVf\",\"https:\/\/www.linkedin.com\/feed\/?trk=onboarding-landing https:\/\/twitter.com\/SmesVn?lang=en\",\"https:\/\/www.youtube.com\/channel\/UCcDa0dtDT6U2_oeazoW0HXQ\"]}]}<\/script>\n<!-- \/ Yoast SEO plugin. -->","yoast_head_json":{"title":"T\u01af V\u1ea4N NH\u01af\u1ee2NG QUY\u1ec0N &#8211; VNFranchise - Trang Nh\u01b0\u1ee3ng Quy\u1ec1n Th\u01b0\u01a1ng Hi\u1ec7u H\u00e0ng \u0110\u1ea7u Vi\u1ec7t Nam","description":"T\u01af V\u1ea4N KINH DOANH V\u00c0 T\u01af V\u1ea4N NH\u01af\u1ee2NG QUY\u1ec0N - Chi\u1ebfn l\u01b0\u1ee3c 5 n\u0103m cho nh\u01b0\u1ee3ng quy\u1ec1n \/ kinh doanh v\u00e0 k\u1ebf ho\u1ea1ch ph\u00e1t tri\u1ec3n - \u0110\u00e1nh gi\u00e1 ho\u1ea1t \u0111\u1ed9ng - H\u01b0\u1edbng d\u1eabn v\u1eadn h\u00e0nh","robots":{"index":"noindex","follow":"follow","max-snippet":"max-snippet:-1","max-image-preview":"max-image-preview:large","max-video-preview":"max-video-preview:-1"},"og_locale":"en_US","og_type":"article","og_title":"T\u01af V\u1ea4N NH\u01af\u1ee2NG QUY\u1ec0N &#8211; VNFranchise - Trang Nh\u01b0\u1ee3ng Quy\u1ec1n Th\u01b0\u01a1ng Hi\u1ec7u H\u00e0ng \u0110\u1ea7u Vi\u1ec7t Nam","og_description":"T\u01af V\u1ea4N KINH DOANH V\u00c0 T\u01af V\u1ea4N NH\u01af\u1ee2NG QUY\u1ec0N - Chi\u1ebfn l\u01b0\u1ee3c 5 n\u0103m cho nh\u01b0\u1ee3ng quy\u1ec1n \/ kinh doanh v\u00e0 k\u1ebf ho\u1ea1ch ph\u00e1t tri\u1ec3n - \u0110\u00e1nh gi\u00e1 ho\u1ea1t \u0111\u1ed9ng - H\u01b0\u1edbng d\u1eabn v\u1eadn h\u00e0nh","og_url":"https:\/\/demo3.thuythu.vn\/vnfranchise\/tu-van-nhuong-quyen\/","og_site_name":"VNFranchise - Trang Nh\u01b0\u1ee3ng Quy\u1ec1n Th\u01b0\u01a1ng Hi\u1ec7u H\u00e0ng \u0110\u1ea7u Vi\u1ec7t Nam","article_publisher":"https:\/\/www.facebook.com\/VNFranchise.vn","article_modified_time":"2020-09-17T07:53:22+00:00","og_image":[{"width":503,"height":249,"url":"https:\/\/demo3.thuythu.vn\/vnfranchise\/wp-content\/uploads\/2018\/02\/VNF_Logo_06.png","type":"image\/png"}],"twitter_card":"summary_large_image","twitter_site":"@ConsultVf","twitter_misc":{"Est. reading time":"2 minutes"},"schema":{"@context":"https:\/\/schema.org","@graph":[{"@type":"WebPage","@id":"https:\/\/demo3.thuythu.vn\/vnfranchise\/tu-van-nhuong-quyen\/","url":"https:\/\/demo3.thuythu.vn\/vnfranchise\/tu-van-nhuong-quyen\/","name":"T\u01af V\u1ea4N NH\u01af\u1ee2NG QUY\u1ec0N &#8211; VNFranchise - Trang Nh\u01b0\u1ee3ng Quy\u1ec1n Th\u01b0\u01a1ng Hi\u1ec7u H\u00e0ng \u0110\u1ea7u Vi\u1ec7t Nam","isPartOf":{"@id":"https:\/\/demo3.thuythu.vn\/vnfranchise\/#website"},"datePublished":"2020-08-07T02:46:04+00:00","dateModified":"2020-09-17T07:53:22+00:00","description":"T\u01af V\u1ea4N KINH DOANH V\u00c0 T\u01af V\u1ea4N NH\u01af\u1ee2NG QUY\u1ec0N - Chi\u1ebfn l\u01b0\u1ee3c 5 n\u0103m cho nh\u01b0\u1ee3ng quy\u1ec1n \/ kinh doanh v\u00e0 k\u1ebf ho\u1ea1ch ph\u00e1t tri\u1ec3n - \u0110\u00e1nh gi\u00e1 ho\u1ea1t \u0111\u1ed9ng - H\u01b0\u1edbng d\u1eabn v\u1eadn h\u00e0nh","breadcrumb":{"@id":"https:\/\/demo3.thuythu.vn\/vnfranchise\/tu-van-nhuong-quyen\/#breadcrumb"},"inLanguage":"en-US","potentialAction":[{"@type":"ReadAction","target":["https:\/\/demo3.thuythu.vn\/vnfranchise\/tu-van-nhuong-quyen\/"]}]},{"@type":"BreadcrumbList","@id":"https:\/\/demo3.thuythu.vn\/vnfranchise\/tu-van-nhuong-quyen\/#breadcrumb","itemListElement":[{"@type":"ListItem","position":1,"name":"Home","item":"https:\/\/demo3.thuythu.vn\/vnfranchise\/"},{"@type":"ListItem","position":2,"name":"T\u01af V\u1ea4N NH\u01af\u1ee2NG QUY\u1ec0N"}]},{"@type":"WebSite","@id":"https:\/\/demo3.thuythu.vn\/vnfranchise\/#website","url":"https:\/\/demo3.thuythu.vn\/vnfranchise\/","name":"VNFranchise - Trang Nh\u01b0\u1ee3ng Quy\u1ec1n Th\u01b0\u01a1ng Hi\u1ec7u H\u00e0ng \u0110\u1ea7u Vi\u1ec7t Nam","description":"","publisher":{"@id":"https:\/\/demo3.thuythu.vn\/vnfranchise\/#organization"},"potentialAction":[{"@type":"SearchAction","target":{"@type":"EntryPoint","urlTemplate":"https:\/\/demo3.thuythu.vn\/vnfranchise\/?s={search_term_string}"},"query-input":"required name=search_term_string"}],"inLanguage":"en-US"},{"@type":"Organization","@id":"https:\/\/demo3.thuythu.vn\/vnfranchise\/#organization","name":"VNFranchise - Trang Nh\u01b0\u1ee3ng Quy\u1ec1n Th\u01b0\u01a1ng Hi\u1ec7u H\u00e0ng \u0110\u1ea7u Vi\u1ec7t Nam","url":"https:\/\/demo3.thuythu.vn\/vnfranchise\/","logo":{"@type":"ImageObject","inLanguage":"en-US","@id":"https:\/\/demo3.thuythu.vn\/vnfranchise\/#\/schema\/logo\/image\/","url":"https:\/\/demo3.thuythu.vn\/vnfranchise\/wp-content\/uploads\/2018\/02\/VNF_Logo_06.png","contentUrl":"https:\/\/demo3.thuythu.vn\/vnfranchise\/wp-content\/uploads\/2018\/02\/VNF_Logo_06.png","width":503,"height":249,"caption":"VNFranchise - Trang Nh\u01b0\u1ee3ng Quy\u1ec1n Th\u01b0\u01a1ng Hi\u1ec7u H\u00e0ng \u0110\u1ea7u Vi\u1ec7t Nam"},"image":{"@id":"https:\/\/demo3.thuythu.vn\/vnfranchise\/#\/schema\/logo\/image\/"},"sameAs":["https:\/\/www.facebook.com\/VNFranchise.vn","https:\/\/x.com\/ConsultVf","https:\/\/www.linkedin.com\/feed\/?trk=onboarding-landing https:\/\/twitter.com\/SmesVn?lang=en","https:\/\/www.youtube.com\/channel\/UCcDa0dtDT6U2_oeazoW0HXQ"]}]}},"_links":{"self":[{"href":"https:\/\/demo3.thuythu.vn\/vnfranchise\/wp-json\/wp\/v2\/pages\/27401"}],"collection":[{"href":"https:\/\/demo3.thuythu.vn\/vnfranchise\/wp-json\/wp\/v2\/pages"}],"about":[{"href":"https:\/\/demo3.thuythu.vn\/vnfranchise\/wp-json\/wp\/v2\/types\/page"}],"author":[{"embeddable":true,"href":"https:\/\/demo3.thuythu.vn\/vnfranchise\/wp-json\/wp\/v2\/users\/12"}],"replies":[{"embeddable":true,"href":"https:\/\/demo3.thuythu.vn\/vnfranchise\/wp-json\/wp\/v2\/comments?post=27401"}],"version-history":[{"count":11,"href":"https:\/\/demo3.thuythu.vn\/vnfranchise\/wp-json\/wp\/v2\/pages\/27401\/revisions"}],"predecessor-version":[{"id":27721,"href":"https:\/\/demo3.thuythu.vn\/vnfranchise\/wp-json\/wp\/v2\/pages\/27401\/revisions\/27721"}],"wp:attachment":[{"href":"https:\/\/demo3.thuythu.vn\/vnfranchise\/wp-json\/wp\/v2\/media?parent=27401"}],"curies":[{"name":"wp","href":"https:\/\/api.w.org\/{rel}","templated":true}]}}