{"id":20755,"date":"2019-03-01T08:19:53","date_gmt":"2019-03-01T08:19:53","guid":{"rendered":"https:\/\/webthuythu.com\/nvfranchise\/?page_id=20755"},"modified":"2019-05-20T08:56:55","modified_gmt":"2019-05-20T08:56:55","slug":"register-2","status":"publish","type":"page","link":"https:\/\/demo3.thuythu.vn\/vnfranchise\/register-2\/","title":{"rendered":"Register"},"content":{"rendered":"<div class=\"wpb-content-wrapper\">[vc_row][vc_column width=&#8221;1\/2&#8243; el_class=&#8221;form-contactUs&#8221;][vc_text_separator title=&#8221;CONTACT FORM&#8221; title_align=&#8221;separator_align_left&#8221; color=&#8221;black&#8221;]\n<div class=\"wpcf7 no-js\" id=\"wpcf7-f22141-o1\" lang=\"en-US\" dir=\"ltr\">\n<div class=\"screen-reader-response\"><p role=\"status\" aria-live=\"polite\" aria-atomic=\"true\"><\/p> <ul><\/ul><\/div>\n<form action=\"\/vnfranchise\/wp-json\/wp\/v2\/pages\/20755#wpcf7-f22141-o1\" method=\"post\" class=\"wpcf7-form init\" aria-label=\"Contact form\" novalidate=\"novalidate\" data-status=\"init\">\n<div style=\"display: none;\">\n<input type=\"hidden\" name=\"_wpcf7\" value=\"22141\" \/>\n<input type=\"hidden\" name=\"_wpcf7_version\" value=\"5.9.5\" \/>\n<input type=\"hidden\" name=\"_wpcf7_locale\" value=\"en_US\" \/>\n<input type=\"hidden\" name=\"_wpcf7_unit_tag\" value=\"wpcf7-f22141-o1\" \/>\n<input type=\"hidden\" name=\"_wpcf7_container_post\" value=\"0\" \/>\n<input type=\"hidden\" name=\"_wpcf7_posted_data_hash\" value=\"\" \/>\n<\/div>\n<p><span class=\"wpcf7-form-control-wrap\" data-name=\"your-name\"><input size=\"40\" class=\"wpcf7-form-control wpcf7-text wpcf7-validates-as-required\" aria-required=\"true\" aria-invalid=\"false\" placeholder=\"H\u1ecc T\u00caN (NAME)*\" value=\"\" type=\"text\" name=\"your-name\" \/><\/span><br \/>\n<span class=\"wpcf7-form-control-wrap\" data-name=\"your-email\"><input size=\"40\" class=\"wpcf7-form-control wpcf7-email wpcf7-validates-as-required wpcf7-text wpcf7-validates-as-email\" aria-required=\"true\" aria-invalid=\"false\" placeholder=\"EMAIL*\" value=\"\" type=\"email\" name=\"your-email\" \/><\/span><br \/>\n<span class=\"wpcf7-form-control-wrap\" data-name=\"your-phone\"><input size=\"40\" class=\"wpcf7-form-control wpcf7-tel wpcf7-validates-as-required wpcf7-text wpcf7-validates-as-tel\" aria-required=\"true\" aria-invalid=\"false\" placeholder=\"S\u1ed0 \u0110I\u1ec6N THO\u1ea0I (TELEPHONE)*\" value=\"\" type=\"tel\" name=\"your-phone\" \/><\/span><br \/>\n<span class=\"wpcf7-form-control-wrap\" data-name=\"company_name\"><input size=\"40\" class=\"wpcf7-form-control wpcf7-text wpcf7-validates-as-required\" aria-required=\"true\" aria-invalid=\"false\" placeholder=\"T\u00caN C\u00d4NG TY (COMPANY NAME)*\" value=\"\" type=\"text\" name=\"company_name\" \/><\/span><br \/>\n<span class=\"wpcf7-form-control-wrap\" data-name=\"company_address\"><input size=\"40\" class=\"wpcf7-form-control wpcf7-text wpcf7-validates-as-required\" aria-required=\"true\" aria-invalid=\"false\" placeholder=\"\u0110\u1ecaA CH\u1ec8 C\u00d4NG TY (COMPANY ADDRESS)*\" value=\"\" type=\"text\" name=\"company_address\" \/><\/span><br \/>\n<span class=\"wpcf7-form-control-wrap\" data-name=\"your_massages\"><textarea cols=\"40\" rows=\"10\" class=\"wpcf7-form-control wpcf7-textarea wpcf7-validates-as-required\" aria-required=\"true\" aria-invalid=\"false\" placeholder=\"N\u1ed8I DUNG TIN NH\u1eaeN (MESSAGE)*\" name=\"your_massages\"><\/textarea><\/span><br \/>\n<input type=\"hidden\" name=\"_wpcf7_captcha_challenge_your-captcha\" value=\"3878045091\" \/><img decoding=\"async\" class=\"wpcf7-form-control wpcf7-captchac wpcf7-captcha-your-captcha\" width=\"84\" height=\"28\" alt=\"captcha\" src=\"https:\/\/demo3.thuythu.vn\/vnfranchise\/wp-content\/uploads\/wpcf7_captcha\/3878045091.png\" \/><a href=\"\" class=\"reset_cap\"><img decoding=\"async\" src=\"https:\/\/demo3.thuythu.vn\/vnfranchise\/wp-content\/uploads\/2019\/03\/reset.png\" alt=\"reset\" \/><\/a><span class=\"wpcf7-form-control-wrap\" data-name=\"your-captcha\"><input size=\"4\" maxlength=\"4\" class=\"wpcf7-form-control wpcf7-captchar\" autocomplete=\"off\" aria-invalid=\"false\" value=\"\" type=\"text\" name=\"your-captcha\" \/><\/span><br \/>\n<input class=\"wpcf7-form-control wpcf7-submit has-spinner\" type=\"submit\" value=\"G\u1eedi\" \/>\n<\/p><div class=\"wpcf7-response-output\" aria-hidden=\"true\"><\/div>\n<\/form>\n<\/div>\n[\/vc_column][vc_column width=&#8221;1\/2&#8243;][vc_column_text css=&#8221;.vc_custom_1546920842830{margin-bottom: 15px !important;}&#8221;]\n<h3>VN Franchise &amp; SMEs<\/h3>\n[\/vc_column_text][vc_column_text]VN Franchise &amp; SMEs l\u00e0 trang nh\u01b0\u1ee3ng quy\u1ec1n th\u01b0\u01a1ng hi\u1ec7u s\u1ed1 1 t\u1ea1i Vi\u1ec7t Nam Ch\u00fang t\u00f4i cung c\u1ea5p c\u00e1c th\u00f4ng tin ch\u00ednh x\u00e1c, \u0111\u1ea3m b\u1ea3o quy tr\u00ecnh hi\u1ec7u qu\u1ea3 v\u00e0 c\u00e2n b\u1eb1ng l\u1ee3i \u00edch &#8211; chi ph\u00ed cho c\u00e1c doanh nghi\u1ec7p \u0111ang ph\u00e1t tri\u1ec3n th\u01b0\u01a1ng hi\u1ec7u v\u00e0 m\u1ee1 t\u1ed9ng h\u1ec7 th\u1ed1ng. \u0110\u1ed3ng th\u1eddi, \u0111em \u0111\u1ebfn c\u01a1 h\u1ed9i \u0111\u1ea7u t\u01b0 h\u1ea5p d\u1eabn cho c\u00e1c doanh nghi\u1ec7p v\u00e0 c\u00e1 nh\u00e2n trong th\u1ecb tr\u01b0\u1eddng nh\u01b0\u1ee3ng quy\u1ec1n \u0111\u1ea7y h\u1ee9a h\u1eb9n t\u1ea1i Vi\u1ec7t Nam.[\/vc_column_text][\/vc_column][\/vc_row]\n<\/div>","protected":false},"excerpt":{"rendered":"<p>&#8230;<\/p>\n","protected":false},"author":6,"featured_media":0,"parent":0,"menu_order":0,"comment_status":"closed","ping_status":"closed","template":"","meta":{"_acf_changed":false,"footnotes":""},"acf":[],"yoast_head":"<!-- This site is optimized with the Yoast SEO plugin v22.8 - https:\/\/yoast.com\/wordpress\/plugins\/seo\/ -->\n<title>Register &#8211; VNFranchise - Trang Nh\u01b0\u1ee3ng Quy\u1ec1n Th\u01b0\u01a1ng Hi\u1ec7u H\u00e0ng \u0110\u1ea7u Vi\u1ec7t Nam<\/title>\n<meta name=\"description\" content=\"VN Franchise &amp; SMEs VN Franchise &amp; SMEs l\u00e0 trang nh\u01b0\u1ee3ng quy\u1ec1n th\u01b0\u01a1ng hi\u1ec7u s\u1ed1 1 t\u1ea1i Vi\u1ec7t Nam Ch\u00fang t\u00f4i cung c\u1ea5p c\u00e1c th\u00f4ng tin ch\u00ednh x\u00e1c, \u0111\u1ea3m b\u1ea3o\" \/>\n<meta name=\"robots\" content=\"noindex, follow, max-snippet:-1, max-image-preview:large, max-video-preview:-1\" \/>\n<meta property=\"og:locale\" content=\"en_US\" \/>\n<meta property=\"og:type\" content=\"article\" \/>\n<meta property=\"og:title\" content=\"Register &#8211; VNFranchise - Trang Nh\u01b0\u1ee3ng Quy\u1ec1n Th\u01b0\u01a1ng Hi\u1ec7u H\u00e0ng \u0110\u1ea7u Vi\u1ec7t Nam\" \/>\n<meta property=\"og:description\" content=\"VN Franchise &amp; SMEs VN Franchise &amp; SMEs l\u00e0 trang nh\u01b0\u1ee3ng quy\u1ec1n th\u01b0\u01a1ng hi\u1ec7u s\u1ed1 1 t\u1ea1i Vi\u1ec7t Nam Ch\u00fang t\u00f4i cung c\u1ea5p c\u00e1c th\u00f4ng tin ch\u00ednh x\u00e1c, \u0111\u1ea3m b\u1ea3o\" \/>\n<meta property=\"og:url\" content=\"https:\/\/demo3.thuythu.vn\/vnfranchise\/register-2\/\" \/>\n<meta property=\"og:site_name\" content=\"VNFranchise - Trang Nh\u01b0\u1ee3ng Quy\u1ec1n Th\u01b0\u01a1ng Hi\u1ec7u H\u00e0ng \u0110\u1ea7u Vi\u1ec7t Nam\" \/>\n<meta property=\"article:publisher\" content=\"https:\/\/www.facebook.com\/VNFranchise.vn\" \/>\n<meta property=\"article:modified_time\" content=\"2019-05-20T08:56:55+00:00\" \/>\n<meta property=\"og:image\" content=\"https:\/\/demo3.thuythu.vn\/vnfranchise\/wp-content\/uploads\/2018\/02\/VNF_Logo_06.png\" \/>\n\t<meta property=\"og:image:width\" content=\"503\" \/>\n\t<meta property=\"og:image:height\" content=\"249\" \/>\n\t<meta property=\"og:image:type\" content=\"image\/png\" \/>\n<meta name=\"twitter:card\" content=\"summary_large_image\" \/>\n<meta name=\"twitter:site\" content=\"@ConsultVf\" \/>\n<meta name=\"twitter:label1\" content=\"Est. reading time\" \/>\n\t<meta name=\"twitter:data1\" content=\"1 minute\" \/>\n<script type=\"application\/ld+json\" class=\"yoast-schema-graph\">{\"@context\":\"https:\/\/schema.org\",\"@graph\":[{\"@type\":\"WebPage\",\"@id\":\"https:\/\/demo3.thuythu.vn\/vnfranchise\/register-2\/\",\"url\":\"https:\/\/demo3.thuythu.vn\/vnfranchise\/register-2\/\",\"name\":\"Register &#8211; VNFranchise - Trang Nh\u01b0\u1ee3ng Quy\u1ec1n Th\u01b0\u01a1ng Hi\u1ec7u H\u00e0ng \u0110\u1ea7u Vi\u1ec7t Nam\",\"isPartOf\":{\"@id\":\"https:\/\/demo3.thuythu.vn\/vnfranchise\/#website\"},\"datePublished\":\"2019-03-01T08:19:53+00:00\",\"dateModified\":\"2019-05-20T08:56:55+00:00\",\"description\":\"VN Franchise &amp; SMEs VN Franchise &amp; SMEs l\u00e0 trang nh\u01b0\u1ee3ng quy\u1ec1n th\u01b0\u01a1ng hi\u1ec7u s\u1ed1 1 t\u1ea1i Vi\u1ec7t Nam Ch\u00fang t\u00f4i cung c\u1ea5p c\u00e1c th\u00f4ng tin ch\u00ednh x\u00e1c, \u0111\u1ea3m b\u1ea3o\",\"breadcrumb\":{\"@id\":\"https:\/\/demo3.thuythu.vn\/vnfranchise\/register-2\/#breadcrumb\"},\"inLanguage\":\"en-US\",\"potentialAction\":[{\"@type\":\"ReadAction\",\"target\":[\"https:\/\/demo3.thuythu.vn\/vnfranchise\/register-2\/\"]}]},{\"@type\":\"BreadcrumbList\",\"@id\":\"https:\/\/demo3.thuythu.vn\/vnfranchise\/register-2\/#breadcrumb\",\"itemListElement\":[{\"@type\":\"ListItem\",\"position\":1,\"name\":\"Home\",\"item\":\"https:\/\/demo3.thuythu.vn\/vnfranchise\/\"},{\"@type\":\"ListItem\",\"position\":2,\"name\":\"Register\"}]},{\"@type\":\"WebSite\",\"@id\":\"https:\/\/demo3.thuythu.vn\/vnfranchise\/#website\",\"url\":\"https:\/\/demo3.thuythu.vn\/vnfranchise\/\",\"name\":\"VNFranchise - Trang Nh\u01b0\u1ee3ng Quy\u1ec1n Th\u01b0\u01a1ng Hi\u1ec7u H\u00e0ng \u0110\u1ea7u Vi\u1ec7t Nam\",\"description\":\"\",\"publisher\":{\"@id\":\"https:\/\/demo3.thuythu.vn\/vnfranchise\/#organization\"},\"potentialAction\":[{\"@type\":\"SearchAction\",\"target\":{\"@type\":\"EntryPoint\",\"urlTemplate\":\"https:\/\/demo3.thuythu.vn\/vnfranchise\/?s={search_term_string}\"},\"query-input\":\"required name=search_term_string\"}],\"inLanguage\":\"en-US\"},{\"@type\":\"Organization\",\"@id\":\"https:\/\/demo3.thuythu.vn\/vnfranchise\/#organization\",\"name\":\"VNFranchise - Trang Nh\u01b0\u1ee3ng Quy\u1ec1n Th\u01b0\u01a1ng Hi\u1ec7u H\u00e0ng \u0110\u1ea7u Vi\u1ec7t Nam\",\"url\":\"https:\/\/demo3.thuythu.vn\/vnfranchise\/\",\"logo\":{\"@type\":\"ImageObject\",\"inLanguage\":\"en-US\",\"@id\":\"https:\/\/demo3.thuythu.vn\/vnfranchise\/#\/schema\/logo\/image\/\",\"url\":\"https:\/\/demo3.thuythu.vn\/vnfranchise\/wp-content\/uploads\/2018\/02\/VNF_Logo_06.png\",\"contentUrl\":\"https:\/\/demo3.thuythu.vn\/vnfranchise\/wp-content\/uploads\/2018\/02\/VNF_Logo_06.png\",\"width\":503,\"height\":249,\"caption\":\"VNFranchise - Trang Nh\u01b0\u1ee3ng Quy\u1ec1n Th\u01b0\u01a1ng Hi\u1ec7u H\u00e0ng \u0110\u1ea7u Vi\u1ec7t Nam\"},\"image\":{\"@id\":\"https:\/\/demo3.thuythu.vn\/vnfranchise\/#\/schema\/logo\/image\/\"},\"sameAs\":[\"https:\/\/www.facebook.com\/VNFranchise.vn\",\"https:\/\/x.com\/ConsultVf\",\"https:\/\/www.linkedin.com\/feed\/?trk=onboarding-landing https:\/\/twitter.com\/SmesVn?lang=en\",\"https:\/\/www.youtube.com\/channel\/UCcDa0dtDT6U2_oeazoW0HXQ\"]}]}<\/script>\n<!-- \/ Yoast SEO plugin. -->","yoast_head_json":{"title":"Register &#8211; VNFranchise - Trang Nh\u01b0\u1ee3ng Quy\u1ec1n Th\u01b0\u01a1ng Hi\u1ec7u H\u00e0ng \u0110\u1ea7u Vi\u1ec7t Nam","description":"VN Franchise &amp; SMEs VN Franchise &amp; SMEs l\u00e0 trang nh\u01b0\u1ee3ng quy\u1ec1n th\u01b0\u01a1ng hi\u1ec7u s\u1ed1 1 t\u1ea1i Vi\u1ec7t Nam Ch\u00fang t\u00f4i cung c\u1ea5p c\u00e1c th\u00f4ng tin ch\u00ednh x\u00e1c, \u0111\u1ea3m b\u1ea3o","robots":{"index":"noindex","follow":"follow","max-snippet":"max-snippet:-1","max-image-preview":"max-image-preview:large","max-video-preview":"max-video-preview:-1"},"og_locale":"en_US","og_type":"article","og_title":"Register &#8211; VNFranchise - Trang Nh\u01b0\u1ee3ng Quy\u1ec1n Th\u01b0\u01a1ng Hi\u1ec7u H\u00e0ng \u0110\u1ea7u Vi\u1ec7t Nam","og_description":"VN Franchise &amp; SMEs VN Franchise &amp; SMEs l\u00e0 trang nh\u01b0\u1ee3ng quy\u1ec1n th\u01b0\u01a1ng hi\u1ec7u s\u1ed1 1 t\u1ea1i Vi\u1ec7t Nam Ch\u00fang t\u00f4i cung c\u1ea5p c\u00e1c th\u00f4ng tin ch\u00ednh x\u00e1c, \u0111\u1ea3m b\u1ea3o","og_url":"https:\/\/demo3.thuythu.vn\/vnfranchise\/register-2\/","og_site_name":"VNFranchise - Trang Nh\u01b0\u1ee3ng Quy\u1ec1n Th\u01b0\u01a1ng Hi\u1ec7u H\u00e0ng \u0110\u1ea7u Vi\u1ec7t Nam","article_publisher":"https:\/\/www.facebook.com\/VNFranchise.vn","article_modified_time":"2019-05-20T08:56:55+00:00","og_image":[{"width":503,"height":249,"url":"https:\/\/demo3.thuythu.vn\/vnfranchise\/wp-content\/uploads\/2018\/02\/VNF_Logo_06.png","type":"image\/png"}],"twitter_card":"summary_large_image","twitter_site":"@ConsultVf","twitter_misc":{"Est. reading time":"1 minute"},"schema":{"@context":"https:\/\/schema.org","@graph":[{"@type":"WebPage","@id":"https:\/\/demo3.thuythu.vn\/vnfranchise\/register-2\/","url":"https:\/\/demo3.thuythu.vn\/vnfranchise\/register-2\/","name":"Register &#8211; VNFranchise - Trang Nh\u01b0\u1ee3ng Quy\u1ec1n Th\u01b0\u01a1ng Hi\u1ec7u H\u00e0ng \u0110\u1ea7u Vi\u1ec7t Nam","isPartOf":{"@id":"https:\/\/demo3.thuythu.vn\/vnfranchise\/#website"},"datePublished":"2019-03-01T08:19:53+00:00","dateModified":"2019-05-20T08:56:55+00:00","description":"VN Franchise &amp; SMEs VN Franchise &amp; SMEs l\u00e0 trang nh\u01b0\u1ee3ng quy\u1ec1n th\u01b0\u01a1ng hi\u1ec7u s\u1ed1 1 t\u1ea1i Vi\u1ec7t Nam Ch\u00fang t\u00f4i cung c\u1ea5p c\u00e1c th\u00f4ng tin ch\u00ednh x\u00e1c, \u0111\u1ea3m b\u1ea3o","breadcrumb":{"@id":"https:\/\/demo3.thuythu.vn\/vnfranchise\/register-2\/#breadcrumb"},"inLanguage":"en-US","potentialAction":[{"@type":"ReadAction","target":["https:\/\/demo3.thuythu.vn\/vnfranchise\/register-2\/"]}]},{"@type":"BreadcrumbList","@id":"https:\/\/demo3.thuythu.vn\/vnfranchise\/register-2\/#breadcrumb","itemListElement":[{"@type":"ListItem","position":1,"name":"Home","item":"https:\/\/demo3.thuythu.vn\/vnfranchise\/"},{"@type":"ListItem","position":2,"name":"Register"}]},{"@type":"WebSite","@id":"https:\/\/demo3.thuythu.vn\/vnfranchise\/#website","url":"https:\/\/demo3.thuythu.vn\/vnfranchise\/","name":"VNFranchise - Trang Nh\u01b0\u1ee3ng Quy\u1ec1n Th\u01b0\u01a1ng Hi\u1ec7u H\u00e0ng \u0110\u1ea7u Vi\u1ec7t Nam","description":"","publisher":{"@id":"https:\/\/demo3.thuythu.vn\/vnfranchise\/#organization"},"potentialAction":[{"@type":"SearchAction","target":{"@type":"EntryPoint","urlTemplate":"https:\/\/demo3.thuythu.vn\/vnfranchise\/?s={search_term_string}"},"query-input":"required name=search_term_string"}],"inLanguage":"en-US"},{"@type":"Organization","@id":"https:\/\/demo3.thuythu.vn\/vnfranchise\/#organization","name":"VNFranchise - Trang Nh\u01b0\u1ee3ng Quy\u1ec1n Th\u01b0\u01a1ng Hi\u1ec7u H\u00e0ng \u0110\u1ea7u Vi\u1ec7t Nam","url":"https:\/\/demo3.thuythu.vn\/vnfranchise\/","logo":{"@type":"ImageObject","inLanguage":"en-US","@id":"https:\/\/demo3.thuythu.vn\/vnfranchise\/#\/schema\/logo\/image\/","url":"https:\/\/demo3.thuythu.vn\/vnfranchise\/wp-content\/uploads\/2018\/02\/VNF_Logo_06.png","contentUrl":"https:\/\/demo3.thuythu.vn\/vnfranchise\/wp-content\/uploads\/2018\/02\/VNF_Logo_06.png","width":503,"height":249,"caption":"VNFranchise - Trang Nh\u01b0\u1ee3ng Quy\u1ec1n Th\u01b0\u01a1ng Hi\u1ec7u H\u00e0ng \u0110\u1ea7u Vi\u1ec7t Nam"},"image":{"@id":"https:\/\/demo3.thuythu.vn\/vnfranchise\/#\/schema\/logo\/image\/"},"sameAs":["https:\/\/www.facebook.com\/VNFranchise.vn","https:\/\/x.com\/ConsultVf","https:\/\/www.linkedin.com\/feed\/?trk=onboarding-landing https:\/\/twitter.com\/SmesVn?lang=en","https:\/\/www.youtube.com\/channel\/UCcDa0dtDT6U2_oeazoW0HXQ"]}]}},"_links":{"self":[{"href":"https:\/\/demo3.thuythu.vn\/vnfranchise\/wp-json\/wp\/v2\/pages\/20755"}],"collection":[{"href":"https:\/\/demo3.thuythu.vn\/vnfranchise\/wp-json\/wp\/v2\/pages"}],"about":[{"href":"https:\/\/demo3.thuythu.vn\/vnfranchise\/wp-json\/wp\/v2\/types\/page"}],"author":[{"embeddable":true,"href":"https:\/\/demo3.thuythu.vn\/vnfranchise\/wp-json\/wp\/v2\/users\/6"}],"replies":[{"embeddable":true,"href":"https:\/\/demo3.thuythu.vn\/vnfranchise\/wp-json\/wp\/v2\/comments?post=20755"}],"version-history":[{"count":0,"href":"https:\/\/demo3.thuythu.vn\/vnfranchise\/wp-json\/wp\/v2\/pages\/20755\/revisions"}],"wp:attachment":[{"href":"https:\/\/demo3.thuythu.vn\/vnfranchise\/wp-json\/wp\/v2\/media?parent=20755"}],"curies":[{"name":"wp","href":"https:\/\/api.w.org\/{rel}","templated":true}]}}