{"id":19985,"date":"2018-11-22T02:13:06","date_gmt":"2018-11-22T02:13:06","guid":{"rendered":"https:\/\/webthuythu.com\/nvfranchise\/?page_id=19985"},"modified":"2020-10-16T14:14:13","modified_gmt":"2020-10-16T07:14:13","slug":"gioi-thieu","status":"publish","type":"page","link":"https:\/\/demo3.thuythu.vn\/vnfranchise\/gioi-thieu\/","title":{"rendered":"GI\u1edaI THI\u1ec6U"},"content":{"rendered":"<p style=\"text-align: justify;\"><span style=\"font-size: 16px;\">Ch\u00e0o m\u1eebng b\u1ea1n \u0111\u1ebfn v\u1edbi trang tin s\u1ed1 m\u1ed9t v\u1ec1 nh\u01b0\u1ee3ng quy\u1ec1n th\u01b0\u01a1ng hi\u00ea\u0323u cho doanh nghi\u1ec7p v\u1eeba v\u00e0\u00a0<\/span><span style=\"font-size: 16px;\">nh\u1ecf t\u1ea1i Vi\u1ec7t Nam. D\u00f9 b\u1ea1n l\u00e0 ch\u1ee7 doanh nghi\u1ec7p c\u00f3 kinh nghi\u1ec7m ho\u1eb7c doanh nh\u00e2n\u00a0<\/span><span style=\"font-size: 16px;\">c\u00f3 tham v\u1ecdng,\u00a0<strong>VNFranchise<\/strong>\u00a0v\u1eabn s\u1ebd h\u1eefu \u00edch khi b\u1ea1n t\u00ecm ki\u1ebfm c\u01a1 h\u1ed9i kinh doanh m\u1edbi,\u00a0<\/span><span style=\"font-size: 16px;\">b\u1ed5 sung ki\u1ebfn th\u1ee9c ho\u1eb7c tin t\u1ee9c m\u1edbi nh\u1ea5t v\u1ec1 nh\u01b0\u1ee3ng quy\u1ec1n, c\u1ea5p ph\u00e9p, ph\u00e2n ph\u1ed1i, ti\u1ebfp th\u1ecb\u00a0<\/span><span style=\"font-size: 16px;\">tr\u1ef1c ti\u1ebfp v\u00e0 c\u00e1c doanh nghi\u1ec7p nh\u1ecf. B\u1ea1n c\u0169ng c\u00f3 th\u1ec3 t\u00ecm th\u1ea5y c\u00e1c nh\u00e0 cung c\u1ea5p th\u1eadt s\u1ef1 ch\u1ea5t\u00a0<\/span><span style=\"font-size: 16px;\">l\u01b0\u1ee3ng v\u00e0 tin c\u1eady cho doanh nghi\u1ec7p c\u1ee7a b\u1ea1n.\u00a0<strong>VNFranchise<\/strong> l\u00e0 m\u1ed9t \u0111\u00edch \u0111\u1ebfn cho nhu c\u1ea7u t\u00ecm hi\u1ec3u v\u00e0 m\u1edf r\u1ed9ng doanh nghi\u1ec7p c\u1ee7a b\u1ea1n.\u00a0<\/span><\/p>\n","protected":false},"excerpt":{"rendered":"<p>&#8230;<\/p>\n","protected":false},"author":6,"featured_media":19866,"parent":0,"menu_order":0,"comment_status":"closed","ping_status":"closed","template":"","meta":{"_acf_changed":false,"footnotes":""},"acf":[],"yoast_head":"<!-- This site is optimized with the Yoast SEO plugin v22.8 - https:\/\/yoast.com\/wordpress\/plugins\/seo\/ -->\n<title>VNFranchise - Trang Nh\u01b0\u01a1\u0323ng Quy\u00ea\u0300n Th\u01b0\u01a1ng Hi\u00ea\u0323u #1 Vi\u00ea\u0323t Nam<\/title>\n<meta name=\"description\" content=\"Ch\u00e0o m\u1eebng b\u1ea1n \u0111\u1ebfn v\u1edbi trang tin s\u1ed1 m\u1ed9t v\u1ec1 nh\u01b0\u1ee3ng quy\u1ec1n th\u01b0\u01a1ng hi\u00ea\u0323u cho doanh nghi\u1ec7p v\u1eeba v\u00e0\u00a0nh\u1ecf t\u1ea1i Vi\u1ec7t Nam. D\u00f9 b\u1ea1n l\u00e0 ch\u1ee7 doanh nghi\u1ec7p c\u00f3 kinh nghi\u1ec7m\" \/>\n<meta name=\"robots\" content=\"noindex, follow, max-snippet:-1, max-image-preview:large, max-video-preview:-1\" \/>\n<meta property=\"og:locale\" content=\"en_US\" \/>\n<meta property=\"og:type\" content=\"article\" \/>\n<meta property=\"og:title\" content=\"VNFranchise - Trang Nh\u01b0\u01a1\u0323ng Quy\u00ea\u0300n Th\u01b0\u01a1ng Hi\u00ea\u0323u #1 Vi\u00ea\u0323t Nam\" \/>\n<meta property=\"og:description\" content=\"Ch\u00e0o m\u1eebng b\u1ea1n \u0111\u1ebfn v\u1edbi trang tin s\u1ed1 m\u1ed9t v\u1ec1 nh\u01b0\u1ee3ng quy\u1ec1n th\u01b0\u01a1ng hi\u00ea\u0323u cho doanh nghi\u1ec7p v\u1eeba v\u00e0\u00a0nh\u1ecf t\u1ea1i Vi\u1ec7t Nam. D\u00f9 b\u1ea1n l\u00e0 ch\u1ee7 doanh nghi\u1ec7p c\u00f3 kinh nghi\u1ec7m\" \/>\n<meta property=\"og:url\" content=\"https:\/\/demo3.thuythu.vn\/vnfranchise\/gioi-thieu\/\" \/>\n<meta property=\"og:site_name\" content=\"VNFranchise - Trang Nh\u01b0\u1ee3ng Quy\u1ec1n Th\u01b0\u01a1ng Hi\u1ec7u H\u00e0ng \u0110\u1ea7u Vi\u1ec7t Nam\" \/>\n<meta property=\"article:publisher\" content=\"https:\/\/www.facebook.com\/VNFranchise.vn\" \/>\n<meta property=\"article:modified_time\" content=\"2020-10-16T07:14:13+00:00\" \/>\n<meta property=\"og:image\" content=\"https:\/\/demo3.thuythu.vn\/vnfranchise\/wp-content\/uploads\/2018\/02\/VNF_Logo_06.png\" \/>\n\t<meta property=\"og:image:width\" content=\"503\" \/>\n\t<meta property=\"og:image:height\" content=\"249\" \/>\n\t<meta property=\"og:image:type\" content=\"image\/png\" \/>\n<meta name=\"twitter:card\" content=\"summary_large_image\" \/>\n<meta name=\"twitter:site\" content=\"@ConsultVf\" \/>\n<meta name=\"twitter:label1\" content=\"Est. reading time\" \/>\n\t<meta name=\"twitter:data1\" content=\"1 minute\" \/>\n<script type=\"application\/ld+json\" class=\"yoast-schema-graph\">{\"@context\":\"https:\/\/schema.org\",\"@graph\":[{\"@type\":\"WebPage\",\"@id\":\"https:\/\/demo3.thuythu.vn\/vnfranchise\/gioi-thieu\/\",\"url\":\"https:\/\/demo3.thuythu.vn\/vnfranchise\/gioi-thieu\/\",\"name\":\"VNFranchise - Trang Nh\u01b0\u01a1\u0323ng Quy\u00ea\u0300n Th\u01b0\u01a1ng Hi\u00ea\u0323u #1 Vi\u00ea\u0323t Nam\",\"isPartOf\":{\"@id\":\"https:\/\/demo3.thuythu.vn\/vnfranchise\/#website\"},\"primaryImageOfPage\":{\"@id\":\"https:\/\/demo3.thuythu.vn\/vnfranchise\/gioi-thieu\/#primaryimage\"},\"image\":{\"@id\":\"https:\/\/demo3.thuythu.vn\/vnfranchise\/gioi-thieu\/#primaryimage\"},\"thumbnailUrl\":\"https:\/\/demo3.thuythu.vn\/vnfranchise\/wp-content\/uploads\/2018\/02\/VNF_Logo_06.png\",\"datePublished\":\"2018-11-22T02:13:06+00:00\",\"dateModified\":\"2020-10-16T07:14:13+00:00\",\"description\":\"Ch\u00e0o m\u1eebng b\u1ea1n \u0111\u1ebfn v\u1edbi trang tin s\u1ed1 m\u1ed9t v\u1ec1 nh\u01b0\u1ee3ng quy\u1ec1n th\u01b0\u01a1ng hi\u00ea\u0323u cho doanh nghi\u1ec7p v\u1eeba v\u00e0\u00a0nh\u1ecf t\u1ea1i Vi\u1ec7t Nam. D\u00f9 b\u1ea1n l\u00e0 ch\u1ee7 doanh nghi\u1ec7p c\u00f3 kinh nghi\u1ec7m\",\"breadcrumb\":{\"@id\":\"https:\/\/demo3.thuythu.vn\/vnfranchise\/gioi-thieu\/#breadcrumb\"},\"inLanguage\":\"en-US\",\"potentialAction\":[{\"@type\":\"ReadAction\",\"target\":[\"https:\/\/demo3.thuythu.vn\/vnfranchise\/gioi-thieu\/\"]}]},{\"@type\":\"ImageObject\",\"inLanguage\":\"en-US\",\"@id\":\"https:\/\/demo3.thuythu.vn\/vnfranchise\/gioi-thieu\/#primaryimage\",\"url\":\"https:\/\/demo3.thuythu.vn\/vnfranchise\/wp-content\/uploads\/2018\/02\/VNF_Logo_06.png\",\"contentUrl\":\"https:\/\/demo3.thuythu.vn\/vnfranchise\/wp-content\/uploads\/2018\/02\/VNF_Logo_06.png\",\"width\":503,\"height\":249,\"caption\":\"logo\"},{\"@type\":\"BreadcrumbList\",\"@id\":\"https:\/\/demo3.thuythu.vn\/vnfranchise\/gioi-thieu\/#breadcrumb\",\"itemListElement\":[{\"@type\":\"ListItem\",\"position\":1,\"name\":\"Home\",\"item\":\"https:\/\/demo3.thuythu.vn\/vnfranchise\/\"},{\"@type\":\"ListItem\",\"position\":2,\"name\":\"GI\u1edaI THI\u1ec6U\"}]},{\"@type\":\"WebSite\",\"@id\":\"https:\/\/demo3.thuythu.vn\/vnfranchise\/#website\",\"url\":\"https:\/\/demo3.thuythu.vn\/vnfranchise\/\",\"name\":\"VNFranchise - Trang Nh\u01b0\u1ee3ng Quy\u1ec1n Th\u01b0\u01a1ng Hi\u1ec7u H\u00e0ng \u0110\u1ea7u Vi\u1ec7t Nam\",\"description\":\"\",\"publisher\":{\"@id\":\"https:\/\/demo3.thuythu.vn\/vnfranchise\/#organization\"},\"potentialAction\":[{\"@type\":\"SearchAction\",\"target\":{\"@type\":\"EntryPoint\",\"urlTemplate\":\"https:\/\/demo3.thuythu.vn\/vnfranchise\/?s={search_term_string}\"},\"query-input\":\"required name=search_term_string\"}],\"inLanguage\":\"en-US\"},{\"@type\":\"Organization\",\"@id\":\"https:\/\/demo3.thuythu.vn\/vnfranchise\/#organization\",\"name\":\"VNFranchise - Trang Nh\u01b0\u1ee3ng Quy\u1ec1n Th\u01b0\u01a1ng Hi\u1ec7u H\u00e0ng \u0110\u1ea7u Vi\u1ec7t Nam\",\"url\":\"https:\/\/demo3.thuythu.vn\/vnfranchise\/\",\"logo\":{\"@type\":\"ImageObject\",\"inLanguage\":\"en-US\",\"@id\":\"https:\/\/demo3.thuythu.vn\/vnfranchise\/#\/schema\/logo\/image\/\",\"url\":\"https:\/\/demo3.thuythu.vn\/vnfranchise\/wp-content\/uploads\/2018\/02\/VNF_Logo_06.png\",\"contentUrl\":\"https:\/\/demo3.thuythu.vn\/vnfranchise\/wp-content\/uploads\/2018\/02\/VNF_Logo_06.png\",\"width\":503,\"height\":249,\"caption\":\"VNFranchise - Trang Nh\u01b0\u1ee3ng Quy\u1ec1n Th\u01b0\u01a1ng Hi\u1ec7u H\u00e0ng \u0110\u1ea7u Vi\u1ec7t Nam\"},\"image\":{\"@id\":\"https:\/\/demo3.thuythu.vn\/vnfranchise\/#\/schema\/logo\/image\/\"},\"sameAs\":[\"https:\/\/www.facebook.com\/VNFranchise.vn\",\"https:\/\/x.com\/ConsultVf\",\"https:\/\/www.linkedin.com\/feed\/?trk=onboarding-landing https:\/\/twitter.com\/SmesVn?lang=en\",\"https:\/\/www.youtube.com\/channel\/UCcDa0dtDT6U2_oeazoW0HXQ\"]}]}<\/script>\n<!-- \/ Yoast SEO plugin. -->","yoast_head_json":{"title":"VNFranchise - Trang Nh\u01b0\u01a1\u0323ng Quy\u00ea\u0300n Th\u01b0\u01a1ng Hi\u00ea\u0323u #1 Vi\u00ea\u0323t Nam","description":"Ch\u00e0o m\u1eebng b\u1ea1n \u0111\u1ebfn v\u1edbi trang tin s\u1ed1 m\u1ed9t v\u1ec1 nh\u01b0\u1ee3ng quy\u1ec1n th\u01b0\u01a1ng hi\u00ea\u0323u cho doanh nghi\u1ec7p v\u1eeba v\u00e0\u00a0nh\u1ecf t\u1ea1i Vi\u1ec7t Nam. D\u00f9 b\u1ea1n l\u00e0 ch\u1ee7 doanh nghi\u1ec7p c\u00f3 kinh nghi\u1ec7m","robots":{"index":"noindex","follow":"follow","max-snippet":"max-snippet:-1","max-image-preview":"max-image-preview:large","max-video-preview":"max-video-preview:-1"},"og_locale":"en_US","og_type":"article","og_title":"VNFranchise - Trang Nh\u01b0\u01a1\u0323ng Quy\u00ea\u0300n Th\u01b0\u01a1ng Hi\u00ea\u0323u #1 Vi\u00ea\u0323t Nam","og_description":"Ch\u00e0o m\u1eebng b\u1ea1n \u0111\u1ebfn v\u1edbi trang tin s\u1ed1 m\u1ed9t v\u1ec1 nh\u01b0\u1ee3ng quy\u1ec1n th\u01b0\u01a1ng hi\u00ea\u0323u cho doanh nghi\u1ec7p v\u1eeba v\u00e0\u00a0nh\u1ecf t\u1ea1i Vi\u1ec7t Nam. D\u00f9 b\u1ea1n l\u00e0 ch\u1ee7 doanh nghi\u1ec7p c\u00f3 kinh nghi\u1ec7m","og_url":"https:\/\/demo3.thuythu.vn\/vnfranchise\/gioi-thieu\/","og_site_name":"VNFranchise - Trang Nh\u01b0\u1ee3ng Quy\u1ec1n Th\u01b0\u01a1ng Hi\u1ec7u H\u00e0ng \u0110\u1ea7u Vi\u1ec7t Nam","article_publisher":"https:\/\/www.facebook.com\/VNFranchise.vn","article_modified_time":"2020-10-16T07:14:13+00:00","og_image":[{"width":503,"height":249,"url":"https:\/\/demo3.thuythu.vn\/vnfranchise\/wp-content\/uploads\/2018\/02\/VNF_Logo_06.png","type":"image\/png"}],"twitter_card":"summary_large_image","twitter_site":"@ConsultVf","twitter_misc":{"Est. reading time":"1 minute"},"schema":{"@context":"https:\/\/schema.org","@graph":[{"@type":"WebPage","@id":"https:\/\/demo3.thuythu.vn\/vnfranchise\/gioi-thieu\/","url":"https:\/\/demo3.thuythu.vn\/vnfranchise\/gioi-thieu\/","name":"VNFranchise - Trang Nh\u01b0\u01a1\u0323ng Quy\u00ea\u0300n Th\u01b0\u01a1ng Hi\u00ea\u0323u #1 Vi\u00ea\u0323t Nam","isPartOf":{"@id":"https:\/\/demo3.thuythu.vn\/vnfranchise\/#website"},"primaryImageOfPage":{"@id":"https:\/\/demo3.thuythu.vn\/vnfranchise\/gioi-thieu\/#primaryimage"},"image":{"@id":"https:\/\/demo3.thuythu.vn\/vnfranchise\/gioi-thieu\/#primaryimage"},"thumbnailUrl":"https:\/\/demo3.thuythu.vn\/vnfranchise\/wp-content\/uploads\/2018\/02\/VNF_Logo_06.png","datePublished":"2018-11-22T02:13:06+00:00","dateModified":"2020-10-16T07:14:13+00:00","description":"Ch\u00e0o m\u1eebng b\u1ea1n \u0111\u1ebfn v\u1edbi trang tin s\u1ed1 m\u1ed9t v\u1ec1 nh\u01b0\u1ee3ng quy\u1ec1n th\u01b0\u01a1ng hi\u00ea\u0323u cho doanh nghi\u1ec7p v\u1eeba v\u00e0\u00a0nh\u1ecf t\u1ea1i Vi\u1ec7t Nam. D\u00f9 b\u1ea1n l\u00e0 ch\u1ee7 doanh nghi\u1ec7p c\u00f3 kinh nghi\u1ec7m","breadcrumb":{"@id":"https:\/\/demo3.thuythu.vn\/vnfranchise\/gioi-thieu\/#breadcrumb"},"inLanguage":"en-US","potentialAction":[{"@type":"ReadAction","target":["https:\/\/demo3.thuythu.vn\/vnfranchise\/gioi-thieu\/"]}]},{"@type":"ImageObject","inLanguage":"en-US","@id":"https:\/\/demo3.thuythu.vn\/vnfranchise\/gioi-thieu\/#primaryimage","url":"https:\/\/demo3.thuythu.vn\/vnfranchise\/wp-content\/uploads\/2018\/02\/VNF_Logo_06.png","contentUrl":"https:\/\/demo3.thuythu.vn\/vnfranchise\/wp-content\/uploads\/2018\/02\/VNF_Logo_06.png","width":503,"height":249,"caption":"logo"},{"@type":"BreadcrumbList","@id":"https:\/\/demo3.thuythu.vn\/vnfranchise\/gioi-thieu\/#breadcrumb","itemListElement":[{"@type":"ListItem","position":1,"name":"Home","item":"https:\/\/demo3.thuythu.vn\/vnfranchise\/"},{"@type":"ListItem","position":2,"name":"GI\u1edaI THI\u1ec6U"}]},{"@type":"WebSite","@id":"https:\/\/demo3.thuythu.vn\/vnfranchise\/#website","url":"https:\/\/demo3.thuythu.vn\/vnfranchise\/","name":"VNFranchise - Trang Nh\u01b0\u1ee3ng Quy\u1ec1n Th\u01b0\u01a1ng Hi\u1ec7u H\u00e0ng \u0110\u1ea7u Vi\u1ec7t Nam","description":"","publisher":{"@id":"https:\/\/demo3.thuythu.vn\/vnfranchise\/#organization"},"potentialAction":[{"@type":"SearchAction","target":{"@type":"EntryPoint","urlTemplate":"https:\/\/demo3.thuythu.vn\/vnfranchise\/?s={search_term_string}"},"query-input":"required name=search_term_string"}],"inLanguage":"en-US"},{"@type":"Organization","@id":"https:\/\/demo3.thuythu.vn\/vnfranchise\/#organization","name":"VNFranchise - Trang Nh\u01b0\u1ee3ng Quy\u1ec1n Th\u01b0\u01a1ng Hi\u1ec7u H\u00e0ng \u0110\u1ea7u Vi\u1ec7t Nam","url":"https:\/\/demo3.thuythu.vn\/vnfranchise\/","logo":{"@type":"ImageObject","inLanguage":"en-US","@id":"https:\/\/demo3.thuythu.vn\/vnfranchise\/#\/schema\/logo\/image\/","url":"https:\/\/demo3.thuythu.vn\/vnfranchise\/wp-content\/uploads\/2018\/02\/VNF_Logo_06.png","contentUrl":"https:\/\/demo3.thuythu.vn\/vnfranchise\/wp-content\/uploads\/2018\/02\/VNF_Logo_06.png","width":503,"height":249,"caption":"VNFranchise - Trang Nh\u01b0\u1ee3ng Quy\u1ec1n Th\u01b0\u01a1ng Hi\u1ec7u H\u00e0ng \u0110\u1ea7u Vi\u1ec7t Nam"},"image":{"@id":"https:\/\/demo3.thuythu.vn\/vnfranchise\/#\/schema\/logo\/image\/"},"sameAs":["https:\/\/www.facebook.com\/VNFranchise.vn","https:\/\/x.com\/ConsultVf","https:\/\/www.linkedin.com\/feed\/?trk=onboarding-landing https:\/\/twitter.com\/SmesVn?lang=en","https:\/\/www.youtube.com\/channel\/UCcDa0dtDT6U2_oeazoW0HXQ"]}]}},"_links":{"self":[{"href":"https:\/\/demo3.thuythu.vn\/vnfranchise\/wp-json\/wp\/v2\/pages\/19985"}],"collection":[{"href":"https:\/\/demo3.thuythu.vn\/vnfranchise\/wp-json\/wp\/v2\/pages"}],"about":[{"href":"https:\/\/demo3.thuythu.vn\/vnfranchise\/wp-json\/wp\/v2\/types\/page"}],"author":[{"embeddable":true,"href":"https:\/\/demo3.thuythu.vn\/vnfranchise\/wp-json\/wp\/v2\/users\/6"}],"replies":[{"embeddable":true,"href":"https:\/\/demo3.thuythu.vn\/vnfranchise\/wp-json\/wp\/v2\/comments?post=19985"}],"version-history":[{"count":2,"href":"https:\/\/demo3.thuythu.vn\/vnfranchise\/wp-json\/wp\/v2\/pages\/19985\/revisions"}],"predecessor-version":[{"id":28252,"href":"https:\/\/demo3.thuythu.vn\/vnfranchise\/wp-json\/wp\/v2\/pages\/19985\/revisions\/28252"}],"wp:featuredmedia":[{"embeddable":true,"href":"https:\/\/demo3.thuythu.vn\/vnfranchise\/wp-json\/wp\/v2\/media\/19866"}],"wp:attachment":[{"href":"https:\/\/demo3.thuythu.vn\/vnfranchise\/wp-json\/wp\/v2\/media?parent=19985"}],"curies":[{"name":"wp","href":"https:\/\/api.w.org\/{rel}","templated":true}]}}